{"id":1851,"date":"2024-10-28T12:53:02","date_gmt":"2024-10-28T12:53:02","guid":{"rendered":"https:\/\/mirelli.md\/?page_id=1851"},"modified":"2024-11-14T18:17:41","modified_gmt":"2024-11-14T18:17:41","slug":"de-ce-mirelli","status":"publish","type":"page","link":"http:\/\/mirelli.md\/ro\/de-ce-mirelli\/","title":{"rendered":"De ce Mirelli"},"content":{"rendered":"\t\t<div data-elementor-type=\"wp-page\" data-elementor-id=\"1851\" class=\"elementor elementor-1851\">\n\t\t\t\t<div class=\"wd-negative-gap elementor-element elementor-element-5215c9c e-flex e-con-boxed elementor-invisible e-con e-parent\" data-id=\"5215c9c\" data-element_type=\"container\" data-settings=\"{&quot;animation&quot;:&quot;fadeInLeft&quot;}\">\n\t\t\t\t\t<div class=\"e-con-inner\">\n\t\t\t\t<div class=\"elementor-element elementor-element-e7d1855 color-scheme-inherit text-left elementor-widget elementor-widget-text-editor\" data-id=\"e7d1855\" data-element_type=\"widget\" data-widget_type=\"text-editor.default\">\n\t\t\t\t<div class=\"elementor-widget-container\">\n\t\t\t\t\t\t\t\t\tFabrica \u201emirelly\u201d s-a dovedit de-a lungul timpului a fi un produc\u0103tor de \u00eencredere de mobil\u0103 tapi\u021bat\u0103 personalizat\u0103. Pe parcursul activit\u0103\u021bii noastre, am atins multe obiective \u0219i am trecut prin numeroase \u00eencerc\u0103ri, dar cel mai mare succes al nostru a fost aprecierea \u0219i \u00eencrederea clien\u021bilor no\u0219tri. Noi nu doar producem mobil\u0103, ci cream combina\u021bia ideal\u0103 \u00eentre design \u0219i func\u021bionalitate, care s\u0103 satisfac\u0103 orice gust \u0219i nevoie.\t\t\t\t\t\t\t\t<\/div>\n\t\t\t\t<\/div>\n\t\t\t\t\t<\/div>\n\t\t\t\t<\/div>\n\t\t<div class=\"wd-negative-gap elementor-element elementor-element-ade88ca e-flex e-con-boxed e-con e-parent\" data-id=\"ade88ca\" data-element_type=\"container\">\n\t\t\t\t\t<div class=\"e-con-inner\">\n\t\t\t\t<div class=\"elementor-element elementor-element-502d09c color-scheme-inherit text-left elementor-invisible elementor-widget elementor-widget-text-editor\" data-id=\"502d09c\" data-element_type=\"widget\" data-settings=\"{&quot;_animation&quot;:&quot;fadeInRight&quot;}\" data-widget_type=\"text-editor.default\">\n\t\t\t\t<div class=\"elementor-widget-container\">\n\t\t\t\t\t\t\t\t\tCa orice poveste, \u0219i a noastr\u0103 a \u00eenceput cu ambi\u021bii mari \u0219i dorin\u021ba de a crea produse cu adev\u0103rat de calitate. Av\u00e2nd ini\u021bial doar un mic grup de entuzia\u0219ti, am \u00eenceput prin crearea primelor canapele extensibile \u0219i col\u021bare. Calitatea noastr\u0103 impresiona at\u00e2t de mult oamenii, \u00eenc\u00e2t era greu pentru ei s\u0103 cread\u0103 c\u0103 mobilierul era creat de for\u021be autohtone. Cu toate acestea, pre\u021burile accesibile i-au convins \u00een cele din urm\u0103. Interesul pentru mobilierul nostru a crescut, iar produc\u021bia a \u00eenceput s\u0103 se dezvolte rapid. Pe m\u0103sur\u0103 ce ne-am extins gama de produse, au ap\u0103rut \u0219i idei noi, modele originale.\t\t\t\t\t\t\t\t<\/div>\n\t\t\t\t<\/div>\n\t\t\t\t\t<\/div>\n\t\t\t\t<\/div>\n\t\t<div class=\"wd-negative-gap elementor-element elementor-element-9e209c3 e-flex e-con-boxed e-con e-parent\" data-id=\"9e209c3\" data-element_type=\"container\">\n\t\t\t\t\t<div class=\"e-con-inner\">\n\t\t\t\t<div class=\"elementor-element elementor-element-bfcbd85 color-scheme-inherit text-left elementor-invisible elementor-widget elementor-widget-text-editor\" data-id=\"bfcbd85\" data-element_type=\"widget\" data-settings=\"{&quot;_animation&quot;:&quot;fadeInLeft&quot;}\" data-widget_type=\"text-editor.default\">\n\t\t\t\t<div class=\"elementor-widget-container\">\n\t\t\t\t\t\t\t\t\t<p>Fiecare client este unic pentru noi, iar \u00een ciuda faptului c\u0103 fabrica \u201emirelly\u201d este o produc\u021bie de amploare, oferim fiec\u0103rui client maximum de aten\u021bie \u0219i timp, deoarece mobilierul personalizat este \u00eentotdeauna despre crearea unui produs unic.<\/p>\t\t\t\t\t\t\t\t<\/div>\n\t\t\t\t<\/div>\n\t\t\t\t\t<\/div>\n\t\t\t\t<\/div>\n\t\t<div class=\"wd-negative-gap elementor-element elementor-element-decb170 e-flex e-con-boxed e-con e-parent\" data-id=\"decb170\" data-element_type=\"container\">\n\t\t\t\t\t<div class=\"e-con-inner\">\n\t\t\t\t<div class=\"elementor-element elementor-element-38188c0 color-scheme-inherit text-left elementor-invisible elementor-widget elementor-widget-text-editor\" data-id=\"38188c0\" data-element_type=\"widget\" data-settings=\"{&quot;_animation&quot;:&quot;fadeInRight&quot;}\" data-widget_type=\"text-editor.default\">\n\t\t\t\t<div class=\"elementor-widget-container\">\n\t\t\t\t\t\t\t\t\tDac\u0103 ne-ai \u00eentreba ce fel de mobil\u0103 prefer\u0103m s\u0103 cre\u0103m, r\u0103spunsul nostru ar fi: mobilierul pe care tu \u00eel vei iubi \u00een primul r\u00e2nd, care s\u0103 se potriveasc\u0103 perfect cu dimensiunile \u0219i designul interiorului t\u0103u, care s\u0103 fie durabil \u0219i confortabil. Fie c\u0103 este vorba despre un mic fotoliu, un col\u021bar sau o canapea pentru un living spa\u021bios, suntem deschi\u0219i la experimente pentru a-\u021bi \u00eendeplini visele.\t\t\t\t\t\t\t\t<\/div>\n\t\t\t\t<\/div>\n\t\t\t\t\t<\/div>\n\t\t\t\t<\/div>\n\t\t\t\t<\/div>\n\t\t","protected":false},"excerpt":{"rendered":"<p>Fabrica \u201emirelly\u201d s-a dovedit de-a lungul timpului a fi un produc\u0103tor de \u00eencredere de mobil\u0103 tapi\u021bat\u0103 personalizat\u0103. Pe parcursul activit\u0103\u021bii<\/p>\n","protected":false},"author":2,"featured_media":0,"parent":0,"menu_order":0,"comment_status":"closed","ping_status":"closed","template":"elementor_header_footer","meta":{"footnotes":""},"class_list":["post-1851","page","type-page","status-publish","hentry"],"yoast_head":"<!-- This site is optimized with the Yoast SEO plugin v24.3 - https:\/\/yoast.com\/wordpress\/plugins\/seo\/ -->\n<title>De ce Mirelli - Mirelli.com<\/title>\n<meta name=\"description\" content=\"Afl\u0103 de ce s\u0103 alegi Mirelli.md pentru mobilierul t\u0103u. Oferim produse de calitate, servicii excelente \u0219i livrare rapid\u0103.\" \/>\n<meta name=\"robots\" content=\"index, follow, max-snippet:-1, max-image-preview:large, max-video-preview:-1\" \/>\n<link rel=\"canonical\" href=\"https:\/\/mirelli.md\/ro\/de-ce-mirelli\/\" \/>\n<meta property=\"og:locale\" content=\"ro_RO\" \/>\n<meta property=\"og:type\" content=\"article\" \/>\n<meta property=\"og:title\" content=\"De ce Mirelli - Mirelli.com\" \/>\n<meta property=\"og:description\" content=\"Afl\u0103 de ce s\u0103 alegi Mirelli.md pentru mobilierul t\u0103u. Oferim produse de calitate, servicii excelente \u0219i livrare rapid\u0103.\" \/>\n<meta property=\"og:url\" content=\"https:\/\/mirelli.md\/ro\/de-ce-mirelli\/\" \/>\n<meta property=\"og:site_name\" content=\"Mirelli\" \/>\n<meta property=\"article:modified_time\" content=\"2024-11-14T18:17:41+00:00\" \/>\n<meta name=\"twitter:card\" content=\"summary_large_image\" \/>\n<meta name=\"twitter:label1\" content=\"Timp estimat pentru citire\" \/>\n\t<meta name=\"twitter:data1\" content=\"2 minute\" \/>\n<script type=\"application\/ld+json\" class=\"yoast-schema-graph\">{\"@context\":\"https:\/\/schema.org\",\"@graph\":[{\"@type\":\"WebPage\",\"@id\":\"https:\/\/mirelli.md\/ru\/de-ce-mirelli\/\",\"url\":\"https:\/\/mirelli.md\/ru\/de-ce-mirelli\/\",\"name\":\"De ce Mirelli - Mirelli.com\",\"isPartOf\":{\"@id\":\"http:\/\/mirelli.md\/ro\/#website\"},\"datePublished\":\"2024-10-28T12:53:02+00:00\",\"dateModified\":\"2024-11-14T18:17:41+00:00\",\"description\":\"Afl\u0103 de ce s\u0103 alegi Mirelli.md pentru mobilierul t\u0103u. Oferim produse de calitate, servicii excelente \u0219i livrare rapid\u0103.\",\"breadcrumb\":{\"@id\":\"https:\/\/mirelli.md\/ru\/de-ce-mirelli\/#breadcrumb\"},\"inLanguage\":\"ro-RO\",\"potentialAction\":[{\"@type\":\"ReadAction\",\"target\":[\"https:\/\/mirelli.md\/ru\/de-ce-mirelli\/\"]}]},{\"@type\":\"BreadcrumbList\",\"@id\":\"https:\/\/mirelli.md\/ru\/de-ce-mirelli\/#breadcrumb\",\"itemListElement\":[{\"@type\":\"ListItem\",\"position\":1,\"name\":\"Prima pagin\u0103\",\"item\":\"http:\/\/mirelli.md\/ro\/\"},{\"@type\":\"ListItem\",\"position\":2,\"name\":\"De ce Mirelli\"}]},{\"@type\":\"WebSite\",\"@id\":\"http:\/\/mirelli.md\/ro\/#website\",\"url\":\"http:\/\/mirelli.md\/ro\/\",\"name\":\"Mirelly\",\"description\":\"\",\"publisher\":{\"@id\":\"http:\/\/mirelli.md\/ro\/#organization\"},\"potentialAction\":[{\"@type\":\"SearchAction\",\"target\":{\"@type\":\"EntryPoint\",\"urlTemplate\":\"http:\/\/mirelli.md\/ro\/?s={search_term_string}\"},\"query-input\":{\"@type\":\"PropertyValueSpecification\",\"valueRequired\":true,\"valueName\":\"search_term_string\"}}],\"inLanguage\":\"ro-RO\"},{\"@type\":\"Organization\",\"@id\":\"http:\/\/mirelli.md\/ro\/#organization\",\"name\":\"Mirelly\",\"url\":\"http:\/\/mirelli.md\/ro\/\",\"logo\":{\"@type\":\"ImageObject\",\"inLanguage\":\"ro-RO\",\"@id\":\"http:\/\/mirelli.md\/ro\/#\/schema\/logo\/image\/\",\"url\":\"https:\/\/mirelli.md\/wp-content\/uploads\/2024\/09\/20240924_141701-png.avif\",\"contentUrl\":\"https:\/\/mirelli.md\/wp-content\/uploads\/2024\/09\/20240924_141701-png.avif\",\"width\":1600,\"height\":329,\"caption\":\"Mirelly\"},\"image\":{\"@id\":\"http:\/\/mirelli.md\/ro\/#\/schema\/logo\/image\/\"}}]}<\/script>\n<!-- \/ Yoast SEO plugin. -->","yoast_head_json":{"title":"De ce Mirelli - Mirelli.com","description":"Afl\u0103 de ce s\u0103 alegi Mirelli.md pentru mobilierul t\u0103u. Oferim produse de calitate, servicii excelente \u0219i livrare rapid\u0103.","robots":{"index":"index","follow":"follow","max-snippet":"max-snippet:-1","max-image-preview":"max-image-preview:large","max-video-preview":"max-video-preview:-1"},"canonical":"https:\/\/mirelli.md\/ro\/de-ce-mirelli\/","og_locale":"ro_RO","og_type":"article","og_title":"De ce Mirelli - Mirelli.com","og_description":"Afl\u0103 de ce s\u0103 alegi Mirelli.md pentru mobilierul t\u0103u. Oferim produse de calitate, servicii excelente \u0219i livrare rapid\u0103.","og_url":"https:\/\/mirelli.md\/ro\/de-ce-mirelli\/","og_site_name":"Mirelli","article_modified_time":"2024-11-14T18:17:41+00:00","twitter_card":"summary_large_image","twitter_misc":{"Timp estimat pentru citire":"2 minute"},"schema":{"@context":"https:\/\/schema.org","@graph":[{"@type":"WebPage","@id":"https:\/\/mirelli.md\/ru\/de-ce-mirelli\/","url":"https:\/\/mirelli.md\/ru\/de-ce-mirelli\/","name":"De ce Mirelli - Mirelli.com","isPartOf":{"@id":"http:\/\/mirelli.md\/ro\/#website"},"datePublished":"2024-10-28T12:53:02+00:00","dateModified":"2024-11-14T18:17:41+00:00","description":"Afl\u0103 de ce s\u0103 alegi Mirelli.md pentru mobilierul t\u0103u. Oferim produse de calitate, servicii excelente \u0219i livrare rapid\u0103.","breadcrumb":{"@id":"https:\/\/mirelli.md\/ru\/de-ce-mirelli\/#breadcrumb"},"inLanguage":"ro-RO","potentialAction":[{"@type":"ReadAction","target":["https:\/\/mirelli.md\/ru\/de-ce-mirelli\/"]}]},{"@type":"BreadcrumbList","@id":"https:\/\/mirelli.md\/ru\/de-ce-mirelli\/#breadcrumb","itemListElement":[{"@type":"ListItem","position":1,"name":"Prima pagin\u0103","item":"http:\/\/mirelli.md\/ro\/"},{"@type":"ListItem","position":2,"name":"De ce Mirelli"}]},{"@type":"WebSite","@id":"http:\/\/mirelli.md\/ro\/#website","url":"http:\/\/mirelli.md\/ro\/","name":"Mirelly","description":"","publisher":{"@id":"http:\/\/mirelli.md\/ro\/#organization"},"potentialAction":[{"@type":"SearchAction","target":{"@type":"EntryPoint","urlTemplate":"http:\/\/mirelli.md\/ro\/?s={search_term_string}"},"query-input":{"@type":"PropertyValueSpecification","valueRequired":true,"valueName":"search_term_string"}}],"inLanguage":"ro-RO"},{"@type":"Organization","@id":"http:\/\/mirelli.md\/ro\/#organization","name":"Mirelly","url":"http:\/\/mirelli.md\/ro\/","logo":{"@type":"ImageObject","inLanguage":"ro-RO","@id":"http:\/\/mirelli.md\/ro\/#\/schema\/logo\/image\/","url":"https:\/\/mirelli.md\/wp-content\/uploads\/2024\/09\/20240924_141701-png.avif","contentUrl":"https:\/\/mirelli.md\/wp-content\/uploads\/2024\/09\/20240924_141701-png.avif","width":1600,"height":329,"caption":"Mirelly"},"image":{"@id":"http:\/\/mirelli.md\/ro\/#\/schema\/logo\/image\/"}}]}},"_links":{"self":[{"href":"http:\/\/mirelli.md\/ro\/wp-json\/wp\/v2\/pages\/1851","targetHints":{"allow":["GET"]}}],"collection":[{"href":"http:\/\/mirelli.md\/ro\/wp-json\/wp\/v2\/pages"}],"about":[{"href":"http:\/\/mirelli.md\/ro\/wp-json\/wp\/v2\/types\/page"}],"author":[{"embeddable":true,"href":"http:\/\/mirelli.md\/ro\/wp-json\/wp\/v2\/users\/2"}],"replies":[{"embeddable":true,"href":"http:\/\/mirelli.md\/ro\/wp-json\/wp\/v2\/comments?post=1851"}],"version-history":[{"count":13,"href":"http:\/\/mirelli.md\/ro\/wp-json\/wp\/v2\/pages\/1851\/revisions"}],"predecessor-version":[{"id":1913,"href":"http:\/\/mirelli.md\/ro\/wp-json\/wp\/v2\/pages\/1851\/revisions\/1913"}],"wp:attachment":[{"href":"http:\/\/mirelli.md\/ro\/wp-json\/wp\/v2\/media?parent=1851"}],"curies":[{"name":"wp","href":"https:\/\/api.w.org\/{rel}","templated":true}]}}