{"id":1853,"date":"2024-10-28T12:53:30","date_gmt":"2024-10-28T12:53:30","guid":{"rendered":"https:\/\/mirelli.md\/?page_id=1853"},"modified":"2024-11-14T17:18:27","modified_gmt":"2024-11-14T17:18:27","slug":"livrare","status":"publish","type":"page","link":"http:\/\/mirelli.md\/ro\/livrare\/","title":{"rendered":"Livrare"},"content":{"rendered":"\t\t<div data-elementor-type=\"wp-page\" data-elementor-id=\"1853\" class=\"elementor elementor-1853\">\n\t\t\t\t<div class=\"wd-negative-gap elementor-element elementor-element-2090bc9 e-flex e-con-boxed e-con e-parent\" data-id=\"2090bc9\" data-element_type=\"container\">\n\t\t\t\t\t<div class=\"e-con-inner\">\n\t\t\t\t<div class=\"elementor-element elementor-element-b596eba color-scheme-inherit text-left elementor-invisible elementor-widget elementor-widget-text-editor\" data-id=\"b596eba\" data-element_type=\"widget\" data-settings=\"{&quot;_animation&quot;:&quot;fadeInRight&quot;}\" data-widget_type=\"text-editor.default\">\n\t\t\t\t<div class=\"elementor-widget-container\">\n\t\t\t\t\t\t\t\t\t<p class=\"p2\">Pute\u021bi comanda rapid mobilierul prefabricat din stoc sau personalizat, aleg\u00e2nd dimensiunile \u0219i culorile dorite, fie prin c\u00e2teva clickuri, fie printr-un apel telefonic. Indiferent de loca\u021bia dvs., produsele Mirelly vor fi livrate \u00een condi\u021bii perfecte direct \u00een living sau dormitor, datorit\u0103 serviciului nostru de livrare profesional\u0103 la nivel na\u021bional. Echipa noastr\u0103 de speciali\u0219ti nu doar c\u0103 va livra mobilierul \u00een cel mai scurt timp posibil, dar se va ocupa \u0219i de asamblarea \u0219i montarea acestuia la cele mai \u00eenalte standarde de calitate.<\/p>\t\t\t\t\t\t\t\t<\/div>\n\t\t\t\t<\/div>\n\t\t\t\t\t<\/div>\n\t\t\t\t<\/div>\n\t\t<div class=\"wd-negative-gap elementor-element elementor-element-2391c6f e-flex e-con-boxed e-con e-parent\" data-id=\"2391c6f\" data-element_type=\"container\">\n\t\t\t\t\t<div class=\"e-con-inner\">\n\t\t<div class=\"elementor-element elementor-element-8c21380 e-con-full e-flex elementor-invisible e-con e-child\" data-id=\"8c21380\" data-element_type=\"container\" data-settings=\"{&quot;animation&quot;:&quot;fadeInLeft&quot;}\">\n\t\t\t\t<div class=\"elementor-element elementor-element-905a5ff elementor-widget elementor-widget-image\" data-id=\"905a5ff\" data-element_type=\"widget\" data-widget_type=\"image.default\">\n\t\t\t\t<div class=\"elementor-widget-container\">\n\t\t\t\t\t\t\t\t\t\t\t\t\t\t\t<img decoding=\"async\" width=\"200\" height=\"133\" src=\"https:\/\/mirelli.md\/wp-content\/uploads\/2024\/10\/200w.gif\" class=\"attachment-large size-large wp-image-1915\" alt=\"\" \/>\t\t\t\t\t\t\t\t\t\t\t\t\t\t\t<\/div>\n\t\t\t\t<\/div>\n\t\t\t\t<\/div>\n\t\t<div class=\"elementor-element elementor-element-343fbf3 e-con-full e-flex e-con e-child\" data-id=\"343fbf3\" data-element_type=\"container\">\n\t\t\t\t<div class=\"elementor-element elementor-element-2f50e9a color-scheme-inherit text-left elementor-invisible elementor-widget elementor-widget-text-editor\" data-id=\"2f50e9a\" data-element_type=\"widget\" data-settings=\"{&quot;_animation&quot;:&quot;fadeInRight&quot;}\" data-widget_type=\"text-editor.default\">\n\t\t\t\t<div class=\"elementor-widget-container\">\n\t\t\t\t\t\t\t\t\t<p>Livrarea produselor din stoc se face \u00eentr-un interval de 7\u201321 zile, iar pentru produsele personalizate la comand\u0103, termenul de livrare este \u00eentre 21 \u0219i 74 de zile.<\/p><p>Pentru informa\u021bii suplimentare, nu ezita\u021bi s\u0103 ne <a href=\"https:\/\/mirelli.md\/contacte\/\">contacta\u021bi<\/a>.<\/p>\t\t\t\t\t\t\t\t<\/div>\n\t\t\t\t<\/div>\n\t\t\t\t<\/div>\n\t\t\t\t\t<\/div>\n\t\t\t\t<\/div>\n\t\t\t\t<\/div>\n\t\t","protected":false},"excerpt":{"rendered":"<p>Pute\u021bi comanda rapid mobilierul prefabricat din stoc sau personalizat, aleg\u00e2nd dimensiunile \u0219i culorile dorite, fie prin c\u00e2teva clickuri, fie printr-un<\/p>\n","protected":false},"author":2,"featured_media":0,"parent":0,"menu_order":0,"comment_status":"closed","ping_status":"closed","template":"elementor_header_footer","meta":{"footnotes":""},"class_list":["post-1853","page","type-page","status-publish","hentry"],"yoast_head":"<!-- This site is optimized with the Yoast SEO plugin v24.3 - https:\/\/yoast.com\/wordpress\/plugins\/seo\/ -->\n<title>Livrare - Mirelli.md<\/title>\n<meta name=\"description\" content=\"Afl\u0103 detalii despre livrarea rapid\u0103 \u0219i sigur\u0103 a produselor de mobilier pe Mirelli.md. Oferim livrare na\u021bional\u0103 \u0219i montaj la domiciliu.\" \/>\n<meta name=\"robots\" content=\"index, follow, max-snippet:-1, max-image-preview:large, max-video-preview:-1\" \/>\n<link rel=\"canonical\" href=\"http:\/\/mirelli.md\/ro\/livrare\/\" \/>\n<meta property=\"og:locale\" content=\"ro_RO\" \/>\n<meta property=\"og:type\" content=\"article\" \/>\n<meta property=\"og:title\" content=\"Livrare - Mirelli.md\" \/>\n<meta property=\"og:description\" content=\"Afl\u0103 detalii despre livrarea rapid\u0103 \u0219i sigur\u0103 a produselor de mobilier pe Mirelli.md. Oferim livrare na\u021bional\u0103 \u0219i montaj la domiciliu.\" \/>\n<meta property=\"og:url\" content=\"http:\/\/mirelli.md\/ro\/livrare\/\" \/>\n<meta property=\"og:site_name\" content=\"Mirelli\" \/>\n<meta property=\"article:modified_time\" content=\"2024-11-14T17:18:27+00:00\" \/>\n<meta property=\"og:image\" content=\"https:\/\/mirelli.md\/wp-content\/uploads\/2024\/10\/200w.gif\" \/>\n<meta name=\"twitter:card\" content=\"summary_large_image\" \/>\n<meta name=\"twitter:label1\" content=\"Timp estimat pentru citire\" \/>\n\t<meta name=\"twitter:data1\" content=\"1 minut\" \/>\n<script type=\"application\/ld+json\" class=\"yoast-schema-graph\">{\"@context\":\"https:\/\/schema.org\",\"@graph\":[{\"@type\":\"WebPage\",\"@id\":\"http:\/\/mirelli.md\/ru\/livrare\/\",\"url\":\"http:\/\/mirelli.md\/ru\/livrare\/\",\"name\":\"Livrare - Mirelli.md\",\"isPartOf\":{\"@id\":\"http:\/\/mirelli.md\/ro\/#website\"},\"primaryImageOfPage\":{\"@id\":\"http:\/\/mirelli.md\/ru\/livrare\/#primaryimage\"},\"image\":{\"@id\":\"http:\/\/mirelli.md\/ru\/livrare\/#primaryimage\"},\"thumbnailUrl\":\"https:\/\/mirelli.md\/wp-content\/uploads\/2024\/10\/200w.gif\",\"datePublished\":\"2024-10-28T12:53:30+00:00\",\"dateModified\":\"2024-11-14T17:18:27+00:00\",\"description\":\"Afl\u0103 detalii despre livrarea rapid\u0103 \u0219i sigur\u0103 a produselor de mobilier pe Mirelli.md. Oferim livrare na\u021bional\u0103 \u0219i montaj la domiciliu.\",\"breadcrumb\":{\"@id\":\"http:\/\/mirelli.md\/ru\/livrare\/#breadcrumb\"},\"inLanguage\":\"ro-RO\",\"potentialAction\":[{\"@type\":\"ReadAction\",\"target\":[\"http:\/\/mirelli.md\/ru\/livrare\/\"]}]},{\"@type\":\"ImageObject\",\"inLanguage\":\"ro-RO\",\"@id\":\"http:\/\/mirelli.md\/ru\/livrare\/#primaryimage\",\"url\":\"https:\/\/mirelli.md\/wp-content\/uploads\/2024\/10\/200w.gif\",\"contentUrl\":\"https:\/\/mirelli.md\/wp-content\/uploads\/2024\/10\/200w.gif\"},{\"@type\":\"BreadcrumbList\",\"@id\":\"http:\/\/mirelli.md\/ru\/livrare\/#breadcrumb\",\"itemListElement\":[{\"@type\":\"ListItem\",\"position\":1,\"name\":\"Prima pagin\u0103\",\"item\":\"http:\/\/mirelli.md\/ro\/\"},{\"@type\":\"ListItem\",\"position\":2,\"name\":\"Livrare\"}]},{\"@type\":\"WebSite\",\"@id\":\"http:\/\/mirelli.md\/ro\/#website\",\"url\":\"http:\/\/mirelli.md\/ro\/\",\"name\":\"Mirelly\",\"description\":\"\",\"publisher\":{\"@id\":\"http:\/\/mirelli.md\/ro\/#organization\"},\"potentialAction\":[{\"@type\":\"SearchAction\",\"target\":{\"@type\":\"EntryPoint\",\"urlTemplate\":\"http:\/\/mirelli.md\/ro\/?s={search_term_string}\"},\"query-input\":{\"@type\":\"PropertyValueSpecification\",\"valueRequired\":true,\"valueName\":\"search_term_string\"}}],\"inLanguage\":\"ro-RO\"},{\"@type\":\"Organization\",\"@id\":\"http:\/\/mirelli.md\/ro\/#organization\",\"name\":\"Mirelly\",\"url\":\"http:\/\/mirelli.md\/ro\/\",\"logo\":{\"@type\":\"ImageObject\",\"inLanguage\":\"ro-RO\",\"@id\":\"http:\/\/mirelli.md\/ro\/#\/schema\/logo\/image\/\",\"url\":\"https:\/\/mirelli.md\/wp-content\/uploads\/2024\/09\/20240924_141701-png.avif\",\"contentUrl\":\"https:\/\/mirelli.md\/wp-content\/uploads\/2024\/09\/20240924_141701-png.avif\",\"width\":1600,\"height\":329,\"caption\":\"Mirelly\"},\"image\":{\"@id\":\"http:\/\/mirelli.md\/ro\/#\/schema\/logo\/image\/\"}}]}<\/script>\n<!-- \/ Yoast SEO plugin. -->","yoast_head_json":{"title":"Livrare - Mirelli.md","description":"Afl\u0103 detalii despre livrarea rapid\u0103 \u0219i sigur\u0103 a produselor de mobilier pe Mirelli.md. Oferim livrare na\u021bional\u0103 \u0219i montaj la domiciliu.","robots":{"index":"index","follow":"follow","max-snippet":"max-snippet:-1","max-image-preview":"max-image-preview:large","max-video-preview":"max-video-preview:-1"},"canonical":"http:\/\/mirelli.md\/ro\/livrare\/","og_locale":"ro_RO","og_type":"article","og_title":"Livrare - Mirelli.md","og_description":"Afl\u0103 detalii despre livrarea rapid\u0103 \u0219i sigur\u0103 a produselor de mobilier pe Mirelli.md. Oferim livrare na\u021bional\u0103 \u0219i montaj la domiciliu.","og_url":"http:\/\/mirelli.md\/ro\/livrare\/","og_site_name":"Mirelli","article_modified_time":"2024-11-14T17:18:27+00:00","og_image":[{"url":"https:\/\/mirelli.md\/wp-content\/uploads\/2024\/10\/200w.gif","type":"","width":"","height":""}],"twitter_card":"summary_large_image","twitter_misc":{"Timp estimat pentru citire":"1 minut"},"schema":{"@context":"https:\/\/schema.org","@graph":[{"@type":"WebPage","@id":"http:\/\/mirelli.md\/ru\/livrare\/","url":"http:\/\/mirelli.md\/ru\/livrare\/","name":"Livrare - Mirelli.md","isPartOf":{"@id":"http:\/\/mirelli.md\/ro\/#website"},"primaryImageOfPage":{"@id":"http:\/\/mirelli.md\/ru\/livrare\/#primaryimage"},"image":{"@id":"http:\/\/mirelli.md\/ru\/livrare\/#primaryimage"},"thumbnailUrl":"https:\/\/mirelli.md\/wp-content\/uploads\/2024\/10\/200w.gif","datePublished":"2024-10-28T12:53:30+00:00","dateModified":"2024-11-14T17:18:27+00:00","description":"Afl\u0103 detalii despre livrarea rapid\u0103 \u0219i sigur\u0103 a produselor de mobilier pe Mirelli.md. Oferim livrare na\u021bional\u0103 \u0219i montaj la domiciliu.","breadcrumb":{"@id":"http:\/\/mirelli.md\/ru\/livrare\/#breadcrumb"},"inLanguage":"ro-RO","potentialAction":[{"@type":"ReadAction","target":["http:\/\/mirelli.md\/ru\/livrare\/"]}]},{"@type":"ImageObject","inLanguage":"ro-RO","@id":"http:\/\/mirelli.md\/ru\/livrare\/#primaryimage","url":"https:\/\/mirelli.md\/wp-content\/uploads\/2024\/10\/200w.gif","contentUrl":"https:\/\/mirelli.md\/wp-content\/uploads\/2024\/10\/200w.gif"},{"@type":"BreadcrumbList","@id":"http:\/\/mirelli.md\/ru\/livrare\/#breadcrumb","itemListElement":[{"@type":"ListItem","position":1,"name":"Prima pagin\u0103","item":"http:\/\/mirelli.md\/ro\/"},{"@type":"ListItem","position":2,"name":"Livrare"}]},{"@type":"WebSite","@id":"http:\/\/mirelli.md\/ro\/#website","url":"http:\/\/mirelli.md\/ro\/","name":"Mirelly","description":"","publisher":{"@id":"http:\/\/mirelli.md\/ro\/#organization"},"potentialAction":[{"@type":"SearchAction","target":{"@type":"EntryPoint","urlTemplate":"http:\/\/mirelli.md\/ro\/?s={search_term_string}"},"query-input":{"@type":"PropertyValueSpecification","valueRequired":true,"valueName":"search_term_string"}}],"inLanguage":"ro-RO"},{"@type":"Organization","@id":"http:\/\/mirelli.md\/ro\/#organization","name":"Mirelly","url":"http:\/\/mirelli.md\/ro\/","logo":{"@type":"ImageObject","inLanguage":"ro-RO","@id":"http:\/\/mirelli.md\/ro\/#\/schema\/logo\/image\/","url":"https:\/\/mirelli.md\/wp-content\/uploads\/2024\/09\/20240924_141701-png.avif","contentUrl":"https:\/\/mirelli.md\/wp-content\/uploads\/2024\/09\/20240924_141701-png.avif","width":1600,"height":329,"caption":"Mirelly"},"image":{"@id":"http:\/\/mirelli.md\/ro\/#\/schema\/logo\/image\/"}}]}},"_links":{"self":[{"href":"http:\/\/mirelli.md\/ro\/wp-json\/wp\/v2\/pages\/1853","targetHints":{"allow":["GET"]}}],"collection":[{"href":"http:\/\/mirelli.md\/ro\/wp-json\/wp\/v2\/pages"}],"about":[{"href":"http:\/\/mirelli.md\/ro\/wp-json\/wp\/v2\/types\/page"}],"author":[{"embeddable":true,"href":"http:\/\/mirelli.md\/ro\/wp-json\/wp\/v2\/users\/2"}],"replies":[{"embeddable":true,"href":"http:\/\/mirelli.md\/ro\/wp-json\/wp\/v2\/comments?post=1853"}],"version-history":[{"count":13,"href":"http:\/\/mirelli.md\/ro\/wp-json\/wp\/v2\/pages\/1853\/revisions"}],"predecessor-version":[{"id":1983,"href":"http:\/\/mirelli.md\/ro\/wp-json\/wp\/v2\/pages\/1853\/revisions\/1983"}],"wp:attachment":[{"href":"http:\/\/mirelli.md\/ro\/wp-json\/wp\/v2\/media?parent=1853"}],"curies":[{"name":"wp","href":"https:\/\/api.w.org\/{rel}","templated":true}]}}