{"id":21,"date":"2023-04-20T11:46:00","date_gmt":"2023-04-20T11:46:00","guid":{"rendered":"https:\/\/dummy.xtemos.com\/woodmart2\/furniture2-elementor\/?page_id=21"},"modified":"2024-11-14T17:19:15","modified_gmt":"2024-11-14T17:19:15","slug":"wishlist","status":"publish","type":"page","link":"http:\/\/mirelli.md\/ro\/wishlist\/","title":{"rendered":"Wishlist"},"content":{"rendered":"\t\t<div data-elementor-type=\"wp-page\" data-elementor-id=\"21\" class=\"elementor elementor-21\">\n\t\t\t\t\t\t<section class=\"wd-negative-gap elementor-section elementor-top-section elementor-element elementor-element-639025b elementor-section-boxed elementor-section-height-default elementor-section-height-default\" data-id=\"639025b\" data-element_type=\"section\">\n\t\t\t\t\t\t<div class=\"elementor-container elementor-column-gap-default\">\n\t\t\t\t\t<div class=\"elementor-column elementor-col-100 elementor-top-column elementor-element elementor-element-6f5fdde\" data-id=\"6f5fdde\" data-element_type=\"column\">\n\t\t\t<div class=\"elementor-widget-wrap elementor-element-populated\">\n\t\t\t\t\t\t<div class=\"elementor-element elementor-element-6a46b99 elementor-widget elementor-widget-wd_wishlist\" data-id=\"6a46b99\" data-element_type=\"widget\" data-widget_type=\"wd_wishlist.default\">\n\t\t\t\t<div class=\"elementor-widget-container\">\n\t\t\t\t\t\t\t\n\t\t\n\t\t<div class=\"\">\n\t\t\t\t\t\t<div class=\"wd-wishlist-content\">\n\t\t\t\t\t\t\t\t\t\t\t\n\t\t<p class=\"wd-empty-wishlist wd-empty-page\">\n\t\t\tThis wishlist is empty.\t\t<\/p>\n\n\t\t\t\t\t<div class=\"wd-empty-page-text\">\n\t\t\t\tYou don't have any products in the wishlist yet. You will find a lot of interesting products on our \"Shop\" page.\t\t\t<\/div>\n\t\t\n\t\t\n\t\t\t\t\t<p class=\"return-to-shop\">\n\t\t\t\t<a class=\"button\" href=\"http:\/\/mirelli.md\/ro\/magazin\/\">\n\t\t\t\t\tReturn to shop\t\t\t\t<\/a>\n\t\t\t<\/p>\n\t\t\t\t\t\t\t\t\t\t\t<\/div>\n\t\t\t\t<\/div>\n\t\t\t\t\t\t<\/div>\n\t\t\t\t<\/div>\n\t\t\t\t\t<\/div>\n\t\t<\/div>\n\t\t\t\t\t<\/div>\n\t\t<\/section>\n\t\t\t\t<\/div>\n\t\t","protected":false},"excerpt":{"rendered":"<p>My account Dashboard Orders Downloads Addresses Account details Logout This wishlist is empty. You don&#8217;t have any products in the<\/p>\n","protected":false},"author":2,"featured_media":0,"parent":0,"menu_order":0,"comment_status":"closed","ping_status":"closed","template":"","meta":{"footnotes":""},"class_list":["post-21","page","type-page","status-publish","hentry"],"yoast_head":"<!-- This site is optimized with the Yoast SEO plugin v24.3 - https:\/\/yoast.com\/wordpress\/plugins\/seo\/ -->\n<title>Wishlist - Mirelli.md<\/title>\n<meta name=\"description\" content=\"Salveaz\u0103 produsele preferate \u00een wishlist pe Mirelli.md. Adaug\u0103 mobilierul dorit \u0219i acceseaz\u0103-l oric\u00e2nd pentru a finaliza comanda.\" \/>\n<meta name=\"robots\" content=\"index, follow, max-snippet:-1, max-image-preview:large, max-video-preview:-1\" \/>\n<link rel=\"canonical\" href=\"http:\/\/mirelli.md\/ro\/wishlist\/\" \/>\n<meta property=\"og:locale\" content=\"ro_RO\" \/>\n<meta property=\"og:type\" content=\"article\" \/>\n<meta property=\"og:title\" content=\"Wishlist - Mirelli.md\" \/>\n<meta property=\"og:description\" content=\"Salveaz\u0103 produsele preferate \u00een wishlist pe Mirelli.md. Adaug\u0103 mobilierul dorit \u0219i acceseaz\u0103-l oric\u00e2nd pentru a finaliza comanda.\" \/>\n<meta property=\"og:url\" content=\"http:\/\/mirelli.md\/ro\/wishlist\/\" \/>\n<meta property=\"og:site_name\" content=\"Mirelli\" \/>\n<meta property=\"article:modified_time\" content=\"2024-11-14T17:19:15+00:00\" \/>\n<meta name=\"twitter:card\" content=\"summary_large_image\" \/>\n<meta name=\"twitter:label1\" content=\"Timp estimat pentru citire\" \/>\n\t<meta name=\"twitter:data1\" content=\"1 minut\" \/>\n<script type=\"application\/ld+json\" class=\"yoast-schema-graph\">{\"@context\":\"https:\/\/schema.org\",\"@graph\":[{\"@type\":\"WebPage\",\"@id\":\"http:\/\/mirelli.md\/ru\/wishlist\/\",\"url\":\"http:\/\/mirelli.md\/ru\/wishlist\/\",\"name\":\"Wishlist - Mirelli.md\",\"isPartOf\":{\"@id\":\"http:\/\/mirelli.md\/ro\/#website\"},\"datePublished\":\"2023-04-20T11:46:00+00:00\",\"dateModified\":\"2024-11-14T17:19:15+00:00\",\"description\":\"Salveaz\u0103 produsele preferate \u00een wishlist pe Mirelli.md. Adaug\u0103 mobilierul dorit \u0219i acceseaz\u0103-l oric\u00e2nd pentru a finaliza comanda.\",\"breadcrumb\":{\"@id\":\"http:\/\/mirelli.md\/ru\/wishlist\/#breadcrumb\"},\"inLanguage\":\"ro-RO\",\"potentialAction\":[{\"@type\":\"ReadAction\",\"target\":[\"http:\/\/mirelli.md\/ru\/wishlist\/\"]}]},{\"@type\":\"BreadcrumbList\",\"@id\":\"http:\/\/mirelli.md\/ru\/wishlist\/#breadcrumb\",\"itemListElement\":[{\"@type\":\"ListItem\",\"position\":1,\"name\":\"Prima pagin\u0103\",\"item\":\"http:\/\/mirelli.md\/ro\/\"},{\"@type\":\"ListItem\",\"position\":2,\"name\":\"Wishlist\"}]},{\"@type\":\"WebSite\",\"@id\":\"http:\/\/mirelli.md\/ro\/#website\",\"url\":\"http:\/\/mirelli.md\/ro\/\",\"name\":\"Mirelly\",\"description\":\"\",\"publisher\":{\"@id\":\"http:\/\/mirelli.md\/ro\/#organization\"},\"potentialAction\":[{\"@type\":\"SearchAction\",\"target\":{\"@type\":\"EntryPoint\",\"urlTemplate\":\"http:\/\/mirelli.md\/ro\/?s={search_term_string}\"},\"query-input\":{\"@type\":\"PropertyValueSpecification\",\"valueRequired\":true,\"valueName\":\"search_term_string\"}}],\"inLanguage\":\"ro-RO\"},{\"@type\":\"Organization\",\"@id\":\"http:\/\/mirelli.md\/ro\/#organization\",\"name\":\"Mirelly\",\"url\":\"http:\/\/mirelli.md\/ro\/\",\"logo\":{\"@type\":\"ImageObject\",\"inLanguage\":\"ro-RO\",\"@id\":\"http:\/\/mirelli.md\/ro\/#\/schema\/logo\/image\/\",\"url\":\"https:\/\/mirelli.md\/wp-content\/uploads\/2024\/09\/20240924_141701-png.avif\",\"contentUrl\":\"https:\/\/mirelli.md\/wp-content\/uploads\/2024\/09\/20240924_141701-png.avif\",\"width\":1600,\"height\":329,\"caption\":\"Mirelly\"},\"image\":{\"@id\":\"http:\/\/mirelli.md\/ro\/#\/schema\/logo\/image\/\"}}]}<\/script>\n<!-- \/ Yoast SEO plugin. -->","yoast_head_json":{"title":"Wishlist - Mirelli.md","description":"Salveaz\u0103 produsele preferate \u00een wishlist pe Mirelli.md. Adaug\u0103 mobilierul dorit \u0219i acceseaz\u0103-l oric\u00e2nd pentru a finaliza comanda.","robots":{"index":"index","follow":"follow","max-snippet":"max-snippet:-1","max-image-preview":"max-image-preview:large","max-video-preview":"max-video-preview:-1"},"canonical":"http:\/\/mirelli.md\/ro\/wishlist\/","og_locale":"ro_RO","og_type":"article","og_title":"Wishlist - Mirelli.md","og_description":"Salveaz\u0103 produsele preferate \u00een wishlist pe Mirelli.md. Adaug\u0103 mobilierul dorit \u0219i acceseaz\u0103-l oric\u00e2nd pentru a finaliza comanda.","og_url":"http:\/\/mirelli.md\/ro\/wishlist\/","og_site_name":"Mirelli","article_modified_time":"2024-11-14T17:19:15+00:00","twitter_card":"summary_large_image","twitter_misc":{"Timp estimat pentru citire":"1 minut"},"schema":{"@context":"https:\/\/schema.org","@graph":[{"@type":"WebPage","@id":"http:\/\/mirelli.md\/ru\/wishlist\/","url":"http:\/\/mirelli.md\/ru\/wishlist\/","name":"Wishlist - Mirelli.md","isPartOf":{"@id":"http:\/\/mirelli.md\/ro\/#website"},"datePublished":"2023-04-20T11:46:00+00:00","dateModified":"2024-11-14T17:19:15+00:00","description":"Salveaz\u0103 produsele preferate \u00een wishlist pe Mirelli.md. Adaug\u0103 mobilierul dorit \u0219i acceseaz\u0103-l oric\u00e2nd pentru a finaliza comanda.","breadcrumb":{"@id":"http:\/\/mirelli.md\/ru\/wishlist\/#breadcrumb"},"inLanguage":"ro-RO","potentialAction":[{"@type":"ReadAction","target":["http:\/\/mirelli.md\/ru\/wishlist\/"]}]},{"@type":"BreadcrumbList","@id":"http:\/\/mirelli.md\/ru\/wishlist\/#breadcrumb","itemListElement":[{"@type":"ListItem","position":1,"name":"Prima pagin\u0103","item":"http:\/\/mirelli.md\/ro\/"},{"@type":"ListItem","position":2,"name":"Wishlist"}]},{"@type":"WebSite","@id":"http:\/\/mirelli.md\/ro\/#website","url":"http:\/\/mirelli.md\/ro\/","name":"Mirelly","description":"","publisher":{"@id":"http:\/\/mirelli.md\/ro\/#organization"},"potentialAction":[{"@type":"SearchAction","target":{"@type":"EntryPoint","urlTemplate":"http:\/\/mirelli.md\/ro\/?s={search_term_string}"},"query-input":{"@type":"PropertyValueSpecification","valueRequired":true,"valueName":"search_term_string"}}],"inLanguage":"ro-RO"},{"@type":"Organization","@id":"http:\/\/mirelli.md\/ro\/#organization","name":"Mirelly","url":"http:\/\/mirelli.md\/ro\/","logo":{"@type":"ImageObject","inLanguage":"ro-RO","@id":"http:\/\/mirelli.md\/ro\/#\/schema\/logo\/image\/","url":"https:\/\/mirelli.md\/wp-content\/uploads\/2024\/09\/20240924_141701-png.avif","contentUrl":"https:\/\/mirelli.md\/wp-content\/uploads\/2024\/09\/20240924_141701-png.avif","width":1600,"height":329,"caption":"Mirelly"},"image":{"@id":"http:\/\/mirelli.md\/ro\/#\/schema\/logo\/image\/"}}]}},"_links":{"self":[{"href":"http:\/\/mirelli.md\/ro\/wp-json\/wp\/v2\/pages\/21","targetHints":{"allow":["GET"]}}],"collection":[{"href":"http:\/\/mirelli.md\/ro\/wp-json\/wp\/v2\/pages"}],"about":[{"href":"http:\/\/mirelli.md\/ro\/wp-json\/wp\/v2\/types\/page"}],"author":[{"embeddable":true,"href":"http:\/\/mirelli.md\/ro\/wp-json\/wp\/v2\/users\/2"}],"replies":[{"embeddable":true,"href":"http:\/\/mirelli.md\/ro\/wp-json\/wp\/v2\/comments?post=21"}],"version-history":[{"count":1,"href":"http:\/\/mirelli.md\/ro\/wp-json\/wp\/v2\/pages\/21\/revisions"}],"predecessor-version":[{"id":1991,"href":"http:\/\/mirelli.md\/ro\/wp-json\/wp\/v2\/pages\/21\/revisions\/1991"}],"wp:attachment":[{"href":"http:\/\/mirelli.md\/ro\/wp-json\/wp\/v2\/media?parent=21"}],"curies":[{"name":"wp","href":"https:\/\/api.w.org\/{rel}","templated":true}]}}