{"id":2164,"date":"2025-08-06T11:06:29","date_gmt":"2025-08-06T11:06:29","guid":{"rendered":"https:\/\/mirelli.md\/?post_type=product&#038;p=2164"},"modified":"2025-08-06T11:06:30","modified_gmt":"2025-08-06T11:06:30","slug":"produs","status":"publish","type":"product","link":"http:\/\/mirelli.md\/ro\/produs\/produs\/","title":{"rendered":"Produs"},"content":{"rendered":"<div class=\"elementor-element elementor-element-97faa2f e-con-full e-flex e-con e-child\" data-id=\"97faa2f\" data-element_type=\"container\">\n<div class=\"elementor-element elementor-element-a8d3f13 elementor-widget elementor-widget-wd_text_block\" data-id=\"a8d3f13\" data-element_type=\"widget\" data-widget_type=\"wd_text_block.default\">\n<div class=\"elementor-widget-container\">\n<div class=\"wd-text-block reset-last-child text-left\">F\u0103cut posibil prin explorarea tehnicilor inovatoare de placaj turnat, scaunul Soft Edge de la Iskos-Berlin \u00eembin\u0103 curbe puternice cu u\u0219urin\u021b\u0103 extrem\u0103 pentru a crea o tridimensionalitate care nu este de obicei posibil\u0103 cu placajul 2-D.<\/div>\n<\/div>\n<\/div>\n<\/div>\n<div class=\"elementor-element elementor-element-0d68bbe e-con-full e-flex e-con e-child\" data-id=\"0d68bbe\" data-element_type=\"container\">\n<div class=\"elementor-element elementor-element-6195c67 wd-width-100 elementor-widget elementor-widget-wd_title\" data-id=\"6195c67\" data-element_type=\"widget\" data-widget_type=\"wd_title.default\">\n<div class=\"elementor-widget-container\">\n<div class=\"title-wrapper set-mb-s reset-last-child wd-title-color-default wd-title-style-default wd-title-size-default text-left\"><\/div>\n<\/div>\n<\/div>\n<\/div>\n","protected":false},"excerpt":{"rendered":"<p>F\u0103cut posibil prin explorarea tehnicilor inovatoare de placaj turnat, scaunul Soft Edge de la Iskos-Berlin \u00eembin\u0103 curbe puternice cu u\u0219urin\u021b\u0103<\/p>\n","protected":false},"featured_media":2171,"comment_status":"open","ping_status":"closed","template":"","meta":[],"product_brand":[],"product_cat":[22],"product_tag":[],"class_list":{"0":"post-2164","1":"product","2":"type-product","3":"status-publish","4":"has-post-thumbnail","6":"product_cat-paturi","8":"first","9":"instock","10":"shipping-taxable","11":"product-type-simple"},"yoast_head":"<!-- This site is optimized with the Yoast SEO plugin v24.3 - https:\/\/yoast.com\/wordpress\/plugins\/seo\/ -->\n<title>Produs - Mirelli<\/title>\n<meta name=\"robots\" content=\"index, follow, max-snippet:-1, max-image-preview:large, max-video-preview:-1\" \/>\n<link rel=\"canonical\" href=\"https:\/\/mirelli.md\/ro\/product\/produs\/\" \/>\n<meta property=\"og:locale\" content=\"ro_RO\" \/>\n<meta property=\"og:type\" content=\"article\" \/>\n<meta property=\"og:title\" content=\"Produs - Mirelli\" \/>\n<meta property=\"og:description\" content=\"F\u0103cut posibil prin explorarea tehnicilor inovatoare de placaj turnat, scaunul Soft Edge de la Iskos-Berlin \u00eembin\u0103 curbe puternice cu u\u0219urin\u021b\u0103\" \/>\n<meta property=\"og:url\" content=\"https:\/\/mirelli.md\/ro\/product\/produs\/\" \/>\n<meta property=\"og:site_name\" content=\"Mirelli\" \/>\n<meta property=\"article:modified_time\" content=\"2025-08-06T11:06:30+00:00\" \/>\n<meta name=\"twitter:card\" content=\"summary_large_image\" \/>\n<meta name=\"twitter:label1\" content=\"Timp estimat pentru citire\" \/>\n\t<meta name=\"twitter:data1\" content=\"1 minut\" \/>\n<script type=\"application\/ld+json\" class=\"yoast-schema-graph\">{\"@context\":\"https:\/\/schema.org\",\"@graph\":[{\"@type\":\"WebPage\",\"@id\":\"https:\/\/mirelli.md\/ru\/product\/produs\/\",\"url\":\"https:\/\/mirelli.md\/ru\/product\/produs\/\",\"name\":\"Produs - Mirelli\",\"isPartOf\":{\"@id\":\"http:\/\/mirelli.md\/ro\/#website\"},\"primaryImageOfPage\":{\"@id\":\"https:\/\/mirelli.md\/ru\/product\/produs\/#primaryimage\"},\"image\":{\"@id\":\"https:\/\/mirelli.md\/ru\/product\/produs\/#primaryimage\"},\"thumbnailUrl\":\"https:\/\/mirelli.md\/wp-content\/uploads\/2025\/08\/IMG_6426.heic\",\"datePublished\":\"2025-08-06T11:06:29+00:00\",\"dateModified\":\"2025-08-06T11:06:30+00:00\",\"breadcrumb\":{\"@id\":\"https:\/\/mirelli.md\/ru\/product\/produs\/#breadcrumb\"},\"inLanguage\":\"ro-RO\",\"potentialAction\":[{\"@type\":\"ReadAction\",\"target\":[\"https:\/\/mirelli.md\/ru\/product\/produs\/\"]}]},{\"@type\":\"ImageObject\",\"inLanguage\":\"ro-RO\",\"@id\":\"https:\/\/mirelli.md\/ru\/product\/produs\/#primaryimage\",\"url\":\"https:\/\/mirelli.md\/wp-content\/uploads\/2025\/08\/IMG_6426.heic\",\"contentUrl\":\"https:\/\/mirelli.md\/wp-content\/uploads\/2025\/08\/IMG_6426.heic\"},{\"@type\":\"BreadcrumbList\",\"@id\":\"https:\/\/mirelli.md\/ru\/product\/produs\/#breadcrumb\",\"itemListElement\":[{\"@type\":\"ListItem\",\"position\":1,\"name\":\"Prima pagin\u0103\",\"item\":\"http:\/\/mirelli.md\/ro\/\"},{\"@type\":\"ListItem\",\"position\":2,\"name\":\"Magazin\",\"item\":\"https:\/\/mirelli.md\/ru\/magazin\/\"},{\"@type\":\"ListItem\",\"position\":3,\"name\":\"Produs\"}]},{\"@type\":\"WebSite\",\"@id\":\"http:\/\/mirelli.md\/ro\/#website\",\"url\":\"http:\/\/mirelli.md\/ro\/\",\"name\":\"Mirelly\",\"description\":\"\",\"publisher\":{\"@id\":\"http:\/\/mirelli.md\/ro\/#organization\"},\"potentialAction\":[{\"@type\":\"SearchAction\",\"target\":{\"@type\":\"EntryPoint\",\"urlTemplate\":\"http:\/\/mirelli.md\/ro\/?s={search_term_string}\"},\"query-input\":{\"@type\":\"PropertyValueSpecification\",\"valueRequired\":true,\"valueName\":\"search_term_string\"}}],\"inLanguage\":\"ro-RO\"},{\"@type\":\"Organization\",\"@id\":\"http:\/\/mirelli.md\/ro\/#organization\",\"name\":\"Mirelly\",\"url\":\"http:\/\/mirelli.md\/ro\/\",\"logo\":{\"@type\":\"ImageObject\",\"inLanguage\":\"ro-RO\",\"@id\":\"http:\/\/mirelli.md\/ro\/#\/schema\/logo\/image\/\",\"url\":\"https:\/\/mirelli.md\/wp-content\/uploads\/2024\/09\/20240924_141701-png.avif\",\"contentUrl\":\"https:\/\/mirelli.md\/wp-content\/uploads\/2024\/09\/20240924_141701-png.avif\",\"width\":1600,\"height\":329,\"caption\":\"Mirelly\"},\"image\":{\"@id\":\"http:\/\/mirelli.md\/ro\/#\/schema\/logo\/image\/\"}}]}<\/script>\n<!-- \/ Yoast SEO plugin. -->","yoast_head_json":{"title":"Produs - Mirelli","robots":{"index":"index","follow":"follow","max-snippet":"max-snippet:-1","max-image-preview":"max-image-preview:large","max-video-preview":"max-video-preview:-1"},"canonical":"https:\/\/mirelli.md\/ro\/product\/produs\/","og_locale":"ro_RO","og_type":"article","og_title":"Produs - Mirelli","og_description":"F\u0103cut posibil prin explorarea tehnicilor inovatoare de placaj turnat, scaunul Soft Edge de la Iskos-Berlin \u00eembin\u0103 curbe puternice cu u\u0219urin\u021b\u0103","og_url":"https:\/\/mirelli.md\/ro\/product\/produs\/","og_site_name":"Mirelli","article_modified_time":"2025-08-06T11:06:30+00:00","twitter_card":"summary_large_image","twitter_misc":{"Timp estimat pentru citire":"1 minut"},"schema":{"@context":"https:\/\/schema.org","@graph":[{"@type":"WebPage","@id":"https:\/\/mirelli.md\/ru\/product\/produs\/","url":"https:\/\/mirelli.md\/ru\/product\/produs\/","name":"Produs - Mirelli","isPartOf":{"@id":"http:\/\/mirelli.md\/ro\/#website"},"primaryImageOfPage":{"@id":"https:\/\/mirelli.md\/ru\/product\/produs\/#primaryimage"},"image":{"@id":"https:\/\/mirelli.md\/ru\/product\/produs\/#primaryimage"},"thumbnailUrl":"https:\/\/mirelli.md\/wp-content\/uploads\/2025\/08\/IMG_6426.heic","datePublished":"2025-08-06T11:06:29+00:00","dateModified":"2025-08-06T11:06:30+00:00","breadcrumb":{"@id":"https:\/\/mirelli.md\/ru\/product\/produs\/#breadcrumb"},"inLanguage":"ro-RO","potentialAction":[{"@type":"ReadAction","target":["https:\/\/mirelli.md\/ru\/product\/produs\/"]}]},{"@type":"ImageObject","inLanguage":"ro-RO","@id":"https:\/\/mirelli.md\/ru\/product\/produs\/#primaryimage","url":"https:\/\/mirelli.md\/wp-content\/uploads\/2025\/08\/IMG_6426.heic","contentUrl":"https:\/\/mirelli.md\/wp-content\/uploads\/2025\/08\/IMG_6426.heic"},{"@type":"BreadcrumbList","@id":"https:\/\/mirelli.md\/ru\/product\/produs\/#breadcrumb","itemListElement":[{"@type":"ListItem","position":1,"name":"Prima pagin\u0103","item":"http:\/\/mirelli.md\/ro\/"},{"@type":"ListItem","position":2,"name":"Magazin","item":"https:\/\/mirelli.md\/ru\/magazin\/"},{"@type":"ListItem","position":3,"name":"Produs"}]},{"@type":"WebSite","@id":"http:\/\/mirelli.md\/ro\/#website","url":"http:\/\/mirelli.md\/ro\/","name":"Mirelly","description":"","publisher":{"@id":"http:\/\/mirelli.md\/ro\/#organization"},"potentialAction":[{"@type":"SearchAction","target":{"@type":"EntryPoint","urlTemplate":"http:\/\/mirelli.md\/ro\/?s={search_term_string}"},"query-input":{"@type":"PropertyValueSpecification","valueRequired":true,"valueName":"search_term_string"}}],"inLanguage":"ro-RO"},{"@type":"Organization","@id":"http:\/\/mirelli.md\/ro\/#organization","name":"Mirelly","url":"http:\/\/mirelli.md\/ro\/","logo":{"@type":"ImageObject","inLanguage":"ro-RO","@id":"http:\/\/mirelli.md\/ro\/#\/schema\/logo\/image\/","url":"https:\/\/mirelli.md\/wp-content\/uploads\/2024\/09\/20240924_141701-png.avif","contentUrl":"https:\/\/mirelli.md\/wp-content\/uploads\/2024\/09\/20240924_141701-png.avif","width":1600,"height":329,"caption":"Mirelly"},"image":{"@id":"http:\/\/mirelli.md\/ro\/#\/schema\/logo\/image\/"}}]}},"_links":{"self":[{"href":"http:\/\/mirelli.md\/ro\/wp-json\/wp\/v2\/product\/2164","targetHints":{"allow":["GET"]}}],"collection":[{"href":"http:\/\/mirelli.md\/ro\/wp-json\/wp\/v2\/product"}],"about":[{"href":"http:\/\/mirelli.md\/ro\/wp-json\/wp\/v2\/types\/product"}],"replies":[{"embeddable":true,"href":"http:\/\/mirelli.md\/ro\/wp-json\/wp\/v2\/comments?post=2164"}],"version-history":[{"count":1,"href":"http:\/\/mirelli.md\/ro\/wp-json\/wp\/v2\/product\/2164\/revisions"}],"predecessor-version":[{"id":2174,"href":"http:\/\/mirelli.md\/ro\/wp-json\/wp\/v2\/product\/2164\/revisions\/2174"}],"wp:featuredmedia":[{"embeddable":true,"href":"http:\/\/mirelli.md\/ro\/wp-json\/wp\/v2\/media\/2171"}],"wp:attachment":[{"href":"http:\/\/mirelli.md\/ro\/wp-json\/wp\/v2\/media?parent=2164"}],"wp:term":[{"taxonomy":"product_brand","embeddable":true,"href":"http:\/\/mirelli.md\/ro\/wp-json\/wp\/v2\/product_brand?post=2164"},{"taxonomy":"product_cat","embeddable":true,"href":"http:\/\/mirelli.md\/ro\/wp-json\/wp\/v2\/product_cat?post=2164"},{"taxonomy":"product_tag","embeddable":true,"href":"http:\/\/mirelli.md\/ro\/wp-json\/wp\/v2\/product_tag?post=2164"}],"curies":[{"name":"wp","href":"https:\/\/api.w.org\/{rel}","templated":true}]}}