{"id":1855,"date":"2024-10-28T12:53:51","date_gmt":"2024-10-28T12:53:51","guid":{"rendered":"https:\/\/mirelli.md\/?page_id=1855"},"modified":"2024-12-13T12:42:24","modified_gmt":"2024-12-13T12:42:24","slug":"contacte","status":"publish","type":"page","link":"http:\/\/mirelli.md\/ru\/contacte\/","title":{"rendered":"\u041a\u043e\u043d\u0442\u0430\u043a\u0442\u044b"},"content":{"rendered":"<div data-elementor-type=\"wp-page\" data-elementor-id=\"1855\" class=\"elementor elementor-1855\">\n\t\t\t\t<div class=\"wd-negative-gap elementor-element elementor-element-e002ec4 e-flex e-con-boxed e-con e-parent\" data-id=\"e002ec4\" data-element_type=\"container\">\n\t\t\t\t\t<div class=\"e-con-inner\">\n\t\t\t\t<div class=\"elementor-element elementor-element-83afbd9 elementor-widget elementor-widget-google_maps\" data-id=\"83afbd9\" data-element_type=\"widget\" data-widget_type=\"google_maps.default\">\n\t\t\t\t<div class=\"elementor-widget-container\">\n\t\t\t\t\t\t\t<div class=\"elementor-custom-embed\">\n\t\t\t<iframe loading=\"lazy\"\n\t\t\t\t\tsrc=\"https:\/\/maps.google.com\/maps?q=str.%20Sarmesegetuza%2028%2F3&#038;t=m&#038;z=14&#038;output=embed&#038;iwloc=near\"\n\t\t\t\t\ttitle=\"str. Sarmesegetuza 28\/3\"\n\t\t\t\t\taria-label=\"str. Sarmesegetuza 28\/3\"\n\t\t\t><\/iframe>\n\t\t<\/div>\n\t\t\t\t\t\t<\/div>\n\t\t\t\t<\/div>\n\t\t\t\t\t<\/div>\n\t\t\t\t<\/div>\n\t\t<div class=\"elementor-element elementor-element-e003ec9 e-flex e-con-boxed e-con e-parent\" data-id=\"e003ec9\" data-element_type=\"container\">\n\t\t\t\t\t<div class=\"e-con-inner\">\n\t\t<div class=\"elementor-element elementor-element-f5350ae e-con-full e-flex e-con e-child\" data-id=\"f5350ae\" data-element_type=\"container\">\n\t\t<div class=\"elementor-element elementor-element-6f1674a e-con-full e-flex e-con e-child\" data-id=\"6f1674a\" data-element_type=\"container\">\n\t\t\t\t<div class=\"elementor-element elementor-element-f3dbe83 elementor-widget elementor-widget-wd_text_block\" data-id=\"f3dbe83\" data-element_type=\"widget\" data-widget_type=\"wd_text_block.default\">\n\t\t\t\t<div class=\"elementor-widget-container\">\n\t\t\t\t\t\t\t<div class=\"wd-text-block reset-last-child text-left\">\n\t\t\t\n\t\t\t<h4>\u0411\u0443\u0434\u044c \u0442\u043e \u0432\u044b \u0436\u0438\u0432\u0435\u0442\u0435 \u043e\u0434\u0438\u043d \u0438\u043b\u0438 \u0441 \u0441\u0435\u043c\u044c\u0435\u0439, \u0432\u0430\u0448\u0430 \u0433\u043e\u0441\u0442\u0438\u043d\u0430\u044f \u2014 \u044d\u0442\u043e \u0432\u0430\u0436\u043d\u043e\u0435 \u043f\u0440\u043e\u0441\u0442\u0440\u0430\u043d\u0441\u0442\u0432\u043e.<\/h4>\n\u042d\u0442\u0430 \u043a\u043e\u043c\u043d\u0430\u0442\u0430 \u2014 \u043c\u0435\u0441\u0442\u043e, \u0433\u0434\u0435 \u0432\u0430\u0448\u0430 \u0441\u0435\u043c\u044c\u044f \u043f\u0440\u043e\u0432\u043e\u0434\u0438\u0442 \u0432\u0440\u0435\u043c\u044f \u0432\u043c\u0435\u0441\u0442\u0435, \u0438 \u043a\u043e\u043c\u043d\u0430\u0442\u0430, \u0432 \u043a\u043e\u0442\u043e\u0440\u043e\u0439 \u0431\u043e\u043b\u044c\u0448\u0438\u043d\u0441\u0442\u0432\u043e \u0432\u0430\u0448\u0438\u0445 \u0433\u043e\u0441\u0442\u0435\u0439 \u0431\u0443\u0434\u0435\u0442 \u043f\u0440\u043e\u0432\u043e\u0434\u0438\u0442\u044c \u0431\u043e\u043b\u044c\u0448\u0443\u044e \u0447\u0430\u0441\u0442\u044c \u0432\u0440\u0435\u043c\u0435\u043d\u0438. \u0412\u044b\u0431\u043e\u0440 \u043c\u0435\u0431\u0435\u043b\u0438, \u043a\u043e\u0442\u043e\u0440\u0430\u044f \u0441\u043e\u0437\u0434\u0430\u0435\u0442 \u043f\u0440\u0438\u044f\u0442\u043d\u044b\u0439 \u0438 \u0433\u043e\u0441\u0442\u0435\u043f\u0440\u0438\u0438\u043c\u043d\u044b\u0439 \u0432\u0438\u0434, \u043f\u0440\u0438 \u044d\u0442\u043e\u043c \u0432\u044b\u0434\u0435\u0440\u0436\u0438\u0432\u0430\u0435\u0442 \u0438\u0437\u043d\u043e\u0441 \u043f\u043e\u0432\u0441\u0435\u0434\u043d\u0435\u0432\u043d\u043e\u0439 \u0436\u0438\u0437\u043d\u0438, \u044f\u0432\u043b\u044f\u0435\u0442\u0441\u044f \u043a\u043b\u044e\u0447\u0435\u0432\u044b\u043c \u0434\u043b\u044f \u0442\u043e\u0433\u043e, \u0447\u0442\u043e\u0431\u044b \u044d\u0442\u043e \u043f\u0440\u043e\u0441\u0442\u0440\u0430\u043d\u0441\u0442\u0432\u043e \u0441\u043e\u043e\u0442\u0432\u0435\u0442\u0441\u0442\u0432\u043e\u0432\u0430\u043b\u043e \u0432\u0430\u0448\u0438\u043c \u043f\u043e\u0442\u0440\u0435\u0431\u043d\u043e\u0441\u0442\u044f\u043c.\n\t\t\t\t\t<\/div>\n\t\t\t\t\t\t<\/div>\n\t\t\t\t<\/div>\n\t\t\t\t<div class=\"elementor-element elementor-element-27ebb77 elementor-widget elementor-widget-wd_list\" data-id=\"27ebb77\" data-element_type=\"widget\" data-widget_type=\"wd_list.default\">\n\t\t\t\t<div class=\"elementor-widget-container\">\n\t\t\t\t\t\t\t<ul class=\"wd-list color-scheme- wd-fontsize-s wd-list-type-image wd-list-style- wd-justify-left\">\n\t\t\t\t\t\t\t\t\t\t\t<li class=\"elementor-repeater-item-f70b95a\">\n\t\t\t\t\t\t\t\t\t\t\t<img decoding=\"async\"  src=\"https:\/\/mirelli.md\/wp-content\/uploads\/2023\/04\/wd-furniture-dot-list.svg\" title=\"wd-furniture-dot-list\" width=\"6\" height=\"6\">\t\t\t\t\t\n\t\t\t\t\t<span class=\"list-content\">\n\t\t\t\t\t\t\u0412\u044b\u0431\u0438\u0440\u0430\u0439\u0442\u0435 \u043f\u0440\u0435\u0434\u043c\u0435\u0442\u044b \u0432 \u043e\u0434\u043d\u043e\u0439 \u0446\u0432\u0435\u0442\u043e\u0432\u043e\u0439 \u0433\u0430\u043c\u043c\u0435 \u0438 \u0441\u0442\u0438\u043b\u0435\t\t\t\t\t<\/span>\n\n\t\t\t\t\t\t\t\t\t<\/li>\n\t\t\t\t\t\t\t\t\t\t\t<li class=\"elementor-repeater-item-8a616d7\">\n\t\t\t\t\t\t\t\t\t\t\t<img decoding=\"async\"  src=\"https:\/\/mirelli.md\/wp-content\/uploads\/2023\/04\/wd-furniture-dot-list.svg\" title=\"wd-furniture-dot-list\" width=\"6\" height=\"6\">\t\t\t\t\t\n\t\t\t\t\t<span class=\"list-content\">\n\t\t\t\t\t\t\u0423\u0447\u0438\u0442\u044b\u0432\u0430\u0439\u0442\u0435 \u043f\u0440\u043e\u0441\u0442\u0440\u0430\u043d\u0441\u0442\u0432\u043e \u043a\u043e\u043c\u043d\u0430\u0442\u044b\t\t\t\t\t<\/span>\n\n\t\t\t\t\t\t\t\t\t<\/li>\n\t\t\t\t\t\t\t\t\t\t\t<li class=\"elementor-repeater-item-bfc5f58\">\n\t\t\t\t\t\t\t\t\t\t\t<img decoding=\"async\"  src=\"https:\/\/mirelli.md\/wp-content\/uploads\/2023\/04\/wd-furniture-dot-list.svg\" title=\"wd-furniture-dot-list\" width=\"6\" height=\"6\">\t\t\t\t\t\n\t\t\t\t\t<span class=\"list-content\">\n\t\t\t\t\t\t\u041d\u0435 \u043f\u043e\u043a\u0443\u043f\u0430\u0439\u0442\u0435 \u043d\u0435\u043d\u0443\u0436\u043d\u044b\u0435 \u043c\u0435\u0431\u0435\u043b\u044c\u043d\u044b\u0435 \u044d\u043b\u0435\u043c\u0435\u043d\u0442\u044b\t\t\t\t\t<\/span>\n\n\t\t\t\t\t\t\t\t\t<\/li>\n\t\t\t\t\t<\/ul>\n\n\t\t\t\t\t\t<\/div>\n\t\t\t\t<\/div>\n\t\t<div class=\"elementor-element elementor-element-5f07271 e-con-full e-flex e-con e-child\" data-id=\"5f07271\" data-element_type=\"container\" data-settings=\"{&quot;background_background&quot;:&quot;classic&quot;}\">\n\t\t\t\t<div class=\"elementor-element elementor-element-c3587f7 wd-width-100 elementor-widget elementor-widget-wd_title\" data-id=\"c3587f7\" data-element_type=\"widget\" data-widget_type=\"wd_title.default\">\n\t\t\t\t<div class=\"elementor-widget-container\">\n\t\t\t\t\t\t\t<div class=\"title-wrapper set-mb-s reset-last-child wd-title-color-white wd-title-style-default wd-title-size-large text-center\">\n\n\t\t\t\t\t\t\t<div class=\"title-subtitle subtitle-color-white subtitle-style-default wd-fontsize-xs\">\n\t\t\t\t\t\u041a\u0430\u043a \u0432\u044b\u0431\u0440\u0430\u0442\u044c \u043c\u0435\u0431\u0435\u043b\u044c\t\t\t\t<\/div>\n\t\t\t\n\t\t\t<div class=\"liner-continer\">\n\t\t\t\t<h4 class=\"woodmart-title-container title wd-fontsize-xxl\">\u041a\u043e\u043b\u043b\u0435\u043a\u0446\u0438\u044f \u043c\u0435\u0431\u0435\u043b\u0438 S\u00d8LREM<\/h4> \n\t\t\t\t\t\t\t<\/div>\n\n\t\t\t\t\t<\/div>\n\t\t\t\t\t\t<\/div>\n\t\t\t\t<\/div>\n\t\t\t\t<div class=\"elementor-element elementor-element-03bdc73 wd-width-100 elementor-widget elementor-widget-wd_video\" data-id=\"03bdc73\" data-element_type=\"widget\" data-widget_type=\"wd_video.default\">\n\t\t\t\t<div class=\"elementor-widget-container\">\n\t\t\t\t\t\n\t\t<div class=\"wd-el-video wd-action-play wd-video-hosted text-center\">\n\t\t\t\t\t\t\t<div class=\"wd-popup wd-with-video wd-video-popup mfp-hide\" id=\"6a09bbb1e668b\"><video data-lazy-load=\"https:\/\/s1.agensium.com\/wp-content\/uploads\/2024\/09\/Snapinsta_app_video_5543C04F34731DB2CA69422D9A1A4687_video_dashinit.mp4\" playsinline muted controls><\/video><\/div>\t\t\t\n\t\t\t\n\t\t\t\t\t\t\t<a href=\"#6a09bbb1e668b\" class=\"wd-el-video-btn wd-el-video-hosted\">\n\t\t\t\t\t<span class=\"wd-el-video-play-btn\"><\/span>\n\t\t\t\t\t\t\t\t\t<\/a>\n\t\t\t\n\t\t\t\t\t<\/div>\n\t\t\t\t\t\t<\/div>\n\t\t\t\t<\/div>\n\t\t\t\t<\/div>\n\t\t\t\t<\/div>\n\t\t\t\t<\/div>\n\t\t\t\t\t<\/div>\n\t\t\t\t<\/div>\n\t\t\t\t<\/div>","protected":false},"excerpt":{"rendered":"<p>Fie c\u0103 locui\u021bi singur sau \u00een familie, camera dvs. de zi este un spa\u021biu important. Aceast\u0103 camer\u0103 este locul \u00een<\/p>","protected":false},"author":2,"featured_media":0,"parent":0,"menu_order":0,"comment_status":"closed","ping_status":"closed","template":"elementor_header_footer","meta":{"footnotes":""},"class_list":["post-1855","page","type-page","status-publish","hentry"],"yoast_head":"<!-- This site is optimized with the Yoast SEO plugin v24.3 - https:\/\/yoast.com\/wordpress\/plugins\/seo\/ -->\n<title>Contacte - Mirelli.md<\/title>\n<meta name=\"description\" content=\"Contacteaz\u0103 echipa Mirelli.md pentru orice \u00eentreb\u0103ri sau asisten\u021b\u0103 privind produsele noastre. Oferim suport rapid \u0219i eficient.\" \/>\n<meta name=\"robots\" content=\"index, follow, max-snippet:-1, max-image-preview:large, max-video-preview:-1\" \/>\n<link rel=\"canonical\" href=\"https:\/\/mirelli.md\/ru\/contacte\/\" \/>\n<meta property=\"og:locale\" content=\"ru_RU\" \/>\n<meta property=\"og:type\" content=\"article\" \/>\n<meta property=\"og:title\" content=\"Contacte - Mirelli.md\" \/>\n<meta property=\"og:description\" content=\"Contacteaz\u0103 echipa Mirelli.md pentru orice \u00eentreb\u0103ri sau asisten\u021b\u0103 privind produsele noastre. Oferim suport rapid \u0219i eficient.\" \/>\n<meta property=\"og:url\" content=\"https:\/\/mirelli.md\/ru\/contacte\/\" \/>\n<meta property=\"og:site_name\" content=\"Mirelli\" \/>\n<meta property=\"article:modified_time\" content=\"2024-12-13T12:42:24+00:00\" \/>\n<meta property=\"og:image\" content=\"https:\/\/mirelli.md\/wp-content\/uploads\/2023\/04\/wd-furniture-dot-list.svg\" \/>\n<meta name=\"twitter:card\" content=\"summary_large_image\" \/>\n<meta name=\"twitter:label1\" content=\"\u041f\u0440\u0438\u043c\u0435\u0440\u043d\u043e\u0435 \u0432\u0440\u0435\u043c\u044f \u0434\u043b\u044f \u0447\u0442\u0435\u043d\u0438\u044f\" \/>\n\t<meta name=\"twitter:data1\" content=\"2 \u043c\u0438\u043d\u0443\u0442\u044b\" \/>\n<script type=\"application\/ld+json\" class=\"yoast-schema-graph\">{\"@context\":\"https:\/\/schema.org\",\"@graph\":[{\"@type\":\"WebPage\",\"@id\":\"https:\/\/mirelli.md\/ro\/contacte\/\",\"url\":\"https:\/\/mirelli.md\/ro\/contacte\/\",\"name\":\"Contacte - Mirelli.md\",\"isPartOf\":{\"@id\":\"http:\/\/mirelli.md\/ro\/#website\"},\"primaryImageOfPage\":{\"@id\":\"https:\/\/mirelli.md\/ro\/contacte\/#primaryimage\"},\"image\":{\"@id\":\"https:\/\/mirelli.md\/ro\/contacte\/#primaryimage\"},\"thumbnailUrl\":\"https:\/\/mirelli.md\/wp-content\/uploads\/2023\/04\/wd-furniture-dot-list.svg\",\"datePublished\":\"2024-10-28T12:53:51+00:00\",\"dateModified\":\"2024-12-13T12:42:24+00:00\",\"description\":\"Contacteaz\u0103 echipa Mirelli.md pentru orice \u00eentreb\u0103ri sau asisten\u021b\u0103 privind produsele noastre. Oferim suport rapid \u0219i eficient.\",\"breadcrumb\":{\"@id\":\"https:\/\/mirelli.md\/ro\/contacte\/#breadcrumb\"},\"inLanguage\":\"ru-RU\",\"potentialAction\":[{\"@type\":\"ReadAction\",\"target\":[\"https:\/\/mirelli.md\/ro\/contacte\/\"]}]},{\"@type\":\"ImageObject\",\"inLanguage\":\"ru-RU\",\"@id\":\"https:\/\/mirelli.md\/ro\/contacte\/#primaryimage\",\"url\":\"https:\/\/mirelli.md\/wp-content\/uploads\/2023\/04\/wd-furniture-dot-list.svg\",\"contentUrl\":\"https:\/\/mirelli.md\/wp-content\/uploads\/2023\/04\/wd-furniture-dot-list.svg\"},{\"@type\":\"BreadcrumbList\",\"@id\":\"https:\/\/mirelli.md\/ro\/contacte\/#breadcrumb\",\"itemListElement\":[{\"@type\":\"ListItem\",\"position\":1,\"name\":\"Prima pagin\u0103\",\"item\":\"http:\/\/mirelli.md\/ro\/\"},{\"@type\":\"ListItem\",\"position\":2,\"name\":\"Contacte\"}]},{\"@type\":\"WebSite\",\"@id\":\"http:\/\/mirelli.md\/ro\/#website\",\"url\":\"http:\/\/mirelli.md\/ro\/\",\"name\":\"Mirelly\",\"description\":\"\",\"publisher\":{\"@id\":\"http:\/\/mirelli.md\/ro\/#organization\"},\"potentialAction\":[{\"@type\":\"SearchAction\",\"target\":{\"@type\":\"EntryPoint\",\"urlTemplate\":\"http:\/\/mirelli.md\/ro\/?s={search_term_string}\"},\"query-input\":{\"@type\":\"PropertyValueSpecification\",\"valueRequired\":true,\"valueName\":\"search_term_string\"}}],\"inLanguage\":\"ru-RU\"},{\"@type\":\"Organization\",\"@id\":\"http:\/\/mirelli.md\/ro\/#organization\",\"name\":\"Mirelly\",\"url\":\"http:\/\/mirelli.md\/ro\/\",\"logo\":{\"@type\":\"ImageObject\",\"inLanguage\":\"ru-RU\",\"@id\":\"http:\/\/mirelli.md\/ro\/#\/schema\/logo\/image\/\",\"url\":\"https:\/\/mirelli.md\/wp-content\/uploads\/2024\/09\/20240924_141701-png.avif\",\"contentUrl\":\"https:\/\/mirelli.md\/wp-content\/uploads\/2024\/09\/20240924_141701-png.avif\",\"width\":1600,\"height\":329,\"caption\":\"Mirelly\"},\"image\":{\"@id\":\"http:\/\/mirelli.md\/ro\/#\/schema\/logo\/image\/\"}}]}<\/script>\n<!-- \/ Yoast SEO plugin. -->","yoast_head_json":{"title":"Contacte - Mirelli.md","description":"Contacteaz\u0103 echipa Mirelli.md pentru orice \u00eentreb\u0103ri sau asisten\u021b\u0103 privind produsele noastre. Oferim suport rapid \u0219i eficient.","robots":{"index":"index","follow":"follow","max-snippet":"max-snippet:-1","max-image-preview":"max-image-preview:large","max-video-preview":"max-video-preview:-1"},"canonical":"https:\/\/mirelli.md\/ru\/contacte\/","og_locale":"ru_RU","og_type":"article","og_title":"Contacte - Mirelli.md","og_description":"Contacteaz\u0103 echipa Mirelli.md pentru orice \u00eentreb\u0103ri sau asisten\u021b\u0103 privind produsele noastre. Oferim suport rapid \u0219i eficient.","og_url":"https:\/\/mirelli.md\/ru\/contacte\/","og_site_name":"Mirelli","article_modified_time":"2024-12-13T12:42:24+00:00","og_image":[{"url":"https:\/\/mirelli.md\/wp-content\/uploads\/2023\/04\/wd-furniture-dot-list.svg","type":"","width":"","height":""}],"twitter_card":"summary_large_image","twitter_misc":{"\u041f\u0440\u0438\u043c\u0435\u0440\u043d\u043e\u0435 \u0432\u0440\u0435\u043c\u044f \u0434\u043b\u044f \u0447\u0442\u0435\u043d\u0438\u044f":"2 \u043c\u0438\u043d\u0443\u0442\u044b"},"schema":{"@context":"https:\/\/schema.org","@graph":[{"@type":"WebPage","@id":"https:\/\/mirelli.md\/ro\/contacte\/","url":"https:\/\/mirelli.md\/ro\/contacte\/","name":"Contacte - Mirelli.md","isPartOf":{"@id":"http:\/\/mirelli.md\/ro\/#website"},"primaryImageOfPage":{"@id":"https:\/\/mirelli.md\/ro\/contacte\/#primaryimage"},"image":{"@id":"https:\/\/mirelli.md\/ro\/contacte\/#primaryimage"},"thumbnailUrl":"https:\/\/mirelli.md\/wp-content\/uploads\/2023\/04\/wd-furniture-dot-list.svg","datePublished":"2024-10-28T12:53:51+00:00","dateModified":"2024-12-13T12:42:24+00:00","description":"Contacteaz\u0103 echipa Mirelli.md pentru orice \u00eentreb\u0103ri sau asisten\u021b\u0103 privind produsele noastre. Oferim suport rapid \u0219i eficient.","breadcrumb":{"@id":"https:\/\/mirelli.md\/ro\/contacte\/#breadcrumb"},"inLanguage":"ru-RU","potentialAction":[{"@type":"ReadAction","target":["https:\/\/mirelli.md\/ro\/contacte\/"]}]},{"@type":"ImageObject","inLanguage":"ru-RU","@id":"https:\/\/mirelli.md\/ro\/contacte\/#primaryimage","url":"https:\/\/mirelli.md\/wp-content\/uploads\/2023\/04\/wd-furniture-dot-list.svg","contentUrl":"https:\/\/mirelli.md\/wp-content\/uploads\/2023\/04\/wd-furniture-dot-list.svg"},{"@type":"BreadcrumbList","@id":"https:\/\/mirelli.md\/ro\/contacte\/#breadcrumb","itemListElement":[{"@type":"ListItem","position":1,"name":"Prima pagin\u0103","item":"http:\/\/mirelli.md\/ro\/"},{"@type":"ListItem","position":2,"name":"Contacte"}]},{"@type":"WebSite","@id":"http:\/\/mirelli.md\/ro\/#website","url":"http:\/\/mirelli.md\/ro\/","name":"Mirelly","description":"","publisher":{"@id":"http:\/\/mirelli.md\/ro\/#organization"},"potentialAction":[{"@type":"SearchAction","target":{"@type":"EntryPoint","urlTemplate":"http:\/\/mirelli.md\/ro\/?s={search_term_string}"},"query-input":{"@type":"PropertyValueSpecification","valueRequired":true,"valueName":"search_term_string"}}],"inLanguage":"ru-RU"},{"@type":"Organization","@id":"http:\/\/mirelli.md\/ro\/#organization","name":"Mirelly","url":"http:\/\/mirelli.md\/ro\/","logo":{"@type":"ImageObject","inLanguage":"ru-RU","@id":"http:\/\/mirelli.md\/ro\/#\/schema\/logo\/image\/","url":"https:\/\/mirelli.md\/wp-content\/uploads\/2024\/09\/20240924_141701-png.avif","contentUrl":"https:\/\/mirelli.md\/wp-content\/uploads\/2024\/09\/20240924_141701-png.avif","width":1600,"height":329,"caption":"Mirelly"},"image":{"@id":"http:\/\/mirelli.md\/ro\/#\/schema\/logo\/image\/"}}]}},"_links":{"self":[{"href":"http:\/\/mirelli.md\/ru\/wp-json\/wp\/v2\/pages\/1855","targetHints":{"allow":["GET"]}}],"collection":[{"href":"http:\/\/mirelli.md\/ru\/wp-json\/wp\/v2\/pages"}],"about":[{"href":"http:\/\/mirelli.md\/ru\/wp-json\/wp\/v2\/types\/page"}],"author":[{"embeddable":true,"href":"http:\/\/mirelli.md\/ru\/wp-json\/wp\/v2\/users\/2"}],"replies":[{"embeddable":true,"href":"http:\/\/mirelli.md\/ru\/wp-json\/wp\/v2\/comments?post=1855"}],"version-history":[{"count":18,"href":"http:\/\/mirelli.md\/ru\/wp-json\/wp\/v2\/pages\/1855\/revisions"}],"predecessor-version":[{"id":2071,"href":"http:\/\/mirelli.md\/ru\/wp-json\/wp\/v2\/pages\/1855\/revisions\/2071"}],"wp:attachment":[{"href":"http:\/\/mirelli.md\/ru\/wp-json\/wp\/v2\/media?parent=1855"}],"curies":[{"name":"wp","href":"https:\/\/api.w.org\/{rel}","templated":true}]}}