{"id":2175,"date":"2025-08-06T11:07:33","date_gmt":"2025-08-06T11:07:33","guid":{"rendered":"https:\/\/mirelli.md\/?post_type=product&#038;p=2175"},"modified":"2025-08-06T11:07:33","modified_gmt":"2025-08-06T11:07:33","slug":"produs-3","status":"publish","type":"product","link":"http:\/\/mirelli.md\/ru\/product\/produs-3\/","title":{"rendered":"Produs 3"},"content":{"rendered":"<div class=\"elementor-element elementor-element-97faa2f e-con-full e-flex e-con e-child\" data-id=\"97faa2f\" data-element_type=\"container\">\n<div class=\"elementor-element elementor-element-a8d3f13 elementor-widget elementor-widget-wd_text_block\" data-id=\"a8d3f13\" data-element_type=\"widget\" data-widget_type=\"wd_text_block.default\">\n<div class=\"elementor-widget-container\">\n<div class=\"wd-text-block reset-last-child text-left\">\u0420\u0435\u0430\u043b\u0438\u0437\u043e\u0432\u0430\u043d\u043d\u044b\u0439 \u0431\u043b\u0430\u0433\u043e\u0434\u0430\u0440\u044f \u0438\u0441\u0441\u043b\u0435\u0434\u043e\u0432\u0430\u043d\u0438\u044e \u0438\u043d\u043d\u043e\u0432\u0430\u0446\u0438\u043e\u043d\u043d\u044b\u0445 \u043c\u0435\u0442\u043e\u0434\u043e\u0432 \u043f\u0440\u0435\u0441\u0441\u043e\u0432\u0430\u043d\u0438\u044f \u0444\u0430\u043d\u0435\u0440\u044b, \u0441\u0442\u0443\u043b Soft Edge \u043e\u0442 Iskos-Berlin \u0441\u043e\u0447\u0435\u0442\u0430\u0435\u0442 \u0441\u0438\u043b\u044c\u043d\u044b\u0435 \u0438\u0437\u0433\u0438\u0431\u044b \u0441 \u0438\u0441\u043a\u043b\u044e\u0447\u0438\u0442\u0435\u043b\u044c\u043d\u043e\u0439 \u043b\u0435\u0433\u043a\u043e\u0441\u0442\u044c\u044e, \u0441\u043e\u0437\u0434\u0430\u0432\u0430\u044f \u0442\u0440\u0435\u0445\u043c\u0435\u0440\u043d\u043e\u0441\u0442\u044c, \u043a\u043e\u0442\u043e\u0440\u0430\u044f \u043e\u0431\u044b\u0447\u043d\u043e \u043d\u0435\u0432\u043e\u0437\u043c\u043e\u0436\u043d\u0430 \u043f\u0440\u0438 \u0438\u0441\u043f\u043e\u043b\u044c\u0437\u043e\u0432\u0430\u043d\u0438\u0438 2D \u0444\u0430\u043d\u0435\u0440\u044b.<\/div>\n<\/div>\n<\/div>\n<\/div>\n<div class=\"elementor-element elementor-element-0d68bbe e-con-full e-flex e-con e-child\" data-id=\"0d68bbe\" data-element_type=\"container\">\n<div class=\"elementor-element elementor-element-6195c67 wd-width-100 elementor-widget elementor-widget-wd_title\" data-id=\"6195c67\" data-element_type=\"widget\" data-widget_type=\"wd_title.default\">\n<div class=\"elementor-widget-container\">\n<div class=\"title-wrapper set-mb-s reset-last-child wd-title-color-default wd-title-style-default wd-title-size-default text-left\"><\/div>\n<\/div>\n<\/div>\n<\/div>","protected":false},"excerpt":{"rendered":"<p>F\u0103cut posibil prin explorarea tehnicilor inovatoare de placaj turnat, scaunul Soft Edge de la Iskos-Berlin \u00eembin\u0103 curbe puternice cu u\u0219urin\u021b\u0103<\/p>","protected":false},"featured_media":2176,"comment_status":"open","ping_status":"closed","template":"","meta":[],"product_brand":[],"product_cat":[30],"product_tag":[],"class_list":{"0":"post-2175","1":"product","2":"type-product","3":"status-publish","4":"has-post-thumbnail","6":"product_cat-canapele","8":"first","9":"instock","10":"shipping-taxable","11":"product-type-simple"},"yoast_head":"<!-- This site is optimized with the Yoast SEO plugin v24.3 - https:\/\/yoast.com\/wordpress\/plugins\/seo\/ -->\n<title>Produs 3 - Mirelli<\/title>\n<meta name=\"robots\" content=\"index, follow, max-snippet:-1, max-image-preview:large, max-video-preview:-1\" \/>\n<link rel=\"canonical\" href=\"http:\/\/mirelli.md\/ru\/product\/produs-3\/\" \/>\n<meta property=\"og:locale\" content=\"ru_RU\" \/>\n<meta property=\"og:type\" content=\"article\" \/>\n<meta property=\"og:title\" content=\"Produs 3 - Mirelli\" \/>\n<meta property=\"og:description\" content=\"F\u0103cut posibil prin explorarea tehnicilor inovatoare de placaj turnat, scaunul Soft Edge de la Iskos-Berlin \u00eembin\u0103 curbe puternice cu u\u0219urin\u021b\u0103\" \/>\n<meta property=\"og:url\" content=\"http:\/\/mirelli.md\/ru\/product\/produs-3\/\" \/>\n<meta property=\"og:site_name\" content=\"Mirelli\" \/>\n<meta name=\"twitter:card\" content=\"summary_large_image\" \/>\n<meta name=\"twitter:label1\" content=\"\u041f\u0440\u0438\u043c\u0435\u0440\u043d\u043e\u0435 \u0432\u0440\u0435\u043c\u044f \u0434\u043b\u044f \u0447\u0442\u0435\u043d\u0438\u044f\" \/>\n\t<meta name=\"twitter:data1\" content=\"1 \u043c\u0438\u043d\u0443\u0442\u0430\" \/>\n<script type=\"application\/ld+json\" class=\"yoast-schema-graph\">{\"@context\":\"https:\/\/schema.org\",\"@graph\":[{\"@type\":\"WebPage\",\"@id\":\"http:\/\/mirelli.md\/ru\/product\/produs-3\/\",\"url\":\"http:\/\/mirelli.md\/ru\/product\/produs-3\/\",\"name\":\"Produs 3 - Mirelli\",\"isPartOf\":{\"@id\":\"http:\/\/mirelli.md\/ro\/#website\"},\"primaryImageOfPage\":{\"@id\":\"http:\/\/mirelli.md\/ru\/product\/produs-3\/#primaryimage\"},\"image\":{\"@id\":\"http:\/\/mirelli.md\/ru\/product\/produs-3\/#primaryimage\"},\"thumbnailUrl\":\"https:\/\/mirelli.md\/wp-content\/uploads\/2025\/08\/IMG_5725.heic\",\"datePublished\":\"2025-08-06T11:07:33+00:00\",\"dateModified\":\"2025-08-06T11:07:33+00:00\",\"breadcrumb\":{\"@id\":\"http:\/\/mirelli.md\/ru\/product\/produs-3\/#breadcrumb\"},\"inLanguage\":\"ru-RU\",\"potentialAction\":[{\"@type\":\"ReadAction\",\"target\":[\"http:\/\/mirelli.md\/ru\/product\/produs-3\/\"]}]},{\"@type\":\"ImageObject\",\"inLanguage\":\"ru-RU\",\"@id\":\"http:\/\/mirelli.md\/ru\/product\/produs-3\/#primaryimage\",\"url\":\"https:\/\/mirelli.md\/wp-content\/uploads\/2025\/08\/IMG_5725.heic\",\"contentUrl\":\"https:\/\/mirelli.md\/wp-content\/uploads\/2025\/08\/IMG_5725.heic\"},{\"@type\":\"BreadcrumbList\",\"@id\":\"http:\/\/mirelli.md\/ru\/product\/produs-3\/#breadcrumb\",\"itemListElement\":[{\"@type\":\"ListItem\",\"position\":1,\"name\":\"Prima pagin\u0103\",\"item\":\"http:\/\/mirelli.md\/ro\/\"},{\"@type\":\"ListItem\",\"position\":2,\"name\":\"Magazin\",\"item\":\"https:\/\/mirelli.md\/ru\/magazin\/\"},{\"@type\":\"ListItem\",\"position\":3,\"name\":\"Produs 3\"}]},{\"@type\":\"WebSite\",\"@id\":\"http:\/\/mirelli.md\/ro\/#website\",\"url\":\"http:\/\/mirelli.md\/ro\/\",\"name\":\"Mirelly\",\"description\":\"\",\"publisher\":{\"@id\":\"http:\/\/mirelli.md\/ro\/#organization\"},\"potentialAction\":[{\"@type\":\"SearchAction\",\"target\":{\"@type\":\"EntryPoint\",\"urlTemplate\":\"http:\/\/mirelli.md\/ro\/?s={search_term_string}\"},\"query-input\":{\"@type\":\"PropertyValueSpecification\",\"valueRequired\":true,\"valueName\":\"search_term_string\"}}],\"inLanguage\":\"ru-RU\"},{\"@type\":\"Organization\",\"@id\":\"http:\/\/mirelli.md\/ro\/#organization\",\"name\":\"Mirelly\",\"url\":\"http:\/\/mirelli.md\/ro\/\",\"logo\":{\"@type\":\"ImageObject\",\"inLanguage\":\"ru-RU\",\"@id\":\"http:\/\/mirelli.md\/ro\/#\/schema\/logo\/image\/\",\"url\":\"https:\/\/mirelli.md\/wp-content\/uploads\/2024\/09\/20240924_141701-png.avif\",\"contentUrl\":\"https:\/\/mirelli.md\/wp-content\/uploads\/2024\/09\/20240924_141701-png.avif\",\"width\":1600,\"height\":329,\"caption\":\"Mirelly\"},\"image\":{\"@id\":\"http:\/\/mirelli.md\/ro\/#\/schema\/logo\/image\/\"}}]}<\/script>\n<!-- \/ Yoast SEO plugin. -->","yoast_head_json":{"title":"Produs 3 - Mirelli","robots":{"index":"index","follow":"follow","max-snippet":"max-snippet:-1","max-image-preview":"max-image-preview:large","max-video-preview":"max-video-preview:-1"},"canonical":"http:\/\/mirelli.md\/ru\/product\/produs-3\/","og_locale":"ru_RU","og_type":"article","og_title":"Produs 3 - Mirelli","og_description":"F\u0103cut posibil prin explorarea tehnicilor inovatoare de placaj turnat, scaunul Soft Edge de la Iskos-Berlin \u00eembin\u0103 curbe puternice cu u\u0219urin\u021b\u0103","og_url":"http:\/\/mirelli.md\/ru\/product\/produs-3\/","og_site_name":"Mirelli","twitter_card":"summary_large_image","twitter_misc":{"\u041f\u0440\u0438\u043c\u0435\u0440\u043d\u043e\u0435 \u0432\u0440\u0435\u043c\u044f \u0434\u043b\u044f \u0447\u0442\u0435\u043d\u0438\u044f":"1 \u043c\u0438\u043d\u0443\u0442\u0430"},"schema":{"@context":"https:\/\/schema.org","@graph":[{"@type":"WebPage","@id":"http:\/\/mirelli.md\/ru\/product\/produs-3\/","url":"http:\/\/mirelli.md\/ru\/product\/produs-3\/","name":"Produs 3 - Mirelli","isPartOf":{"@id":"http:\/\/mirelli.md\/ro\/#website"},"primaryImageOfPage":{"@id":"http:\/\/mirelli.md\/ru\/product\/produs-3\/#primaryimage"},"image":{"@id":"http:\/\/mirelli.md\/ru\/product\/produs-3\/#primaryimage"},"thumbnailUrl":"https:\/\/mirelli.md\/wp-content\/uploads\/2025\/08\/IMG_5725.heic","datePublished":"2025-08-06T11:07:33+00:00","dateModified":"2025-08-06T11:07:33+00:00","breadcrumb":{"@id":"http:\/\/mirelli.md\/ru\/product\/produs-3\/#breadcrumb"},"inLanguage":"ru-RU","potentialAction":[{"@type":"ReadAction","target":["http:\/\/mirelli.md\/ru\/product\/produs-3\/"]}]},{"@type":"ImageObject","inLanguage":"ru-RU","@id":"http:\/\/mirelli.md\/ru\/product\/produs-3\/#primaryimage","url":"https:\/\/mirelli.md\/wp-content\/uploads\/2025\/08\/IMG_5725.heic","contentUrl":"https:\/\/mirelli.md\/wp-content\/uploads\/2025\/08\/IMG_5725.heic"},{"@type":"BreadcrumbList","@id":"http:\/\/mirelli.md\/ru\/product\/produs-3\/#breadcrumb","itemListElement":[{"@type":"ListItem","position":1,"name":"Prima pagin\u0103","item":"http:\/\/mirelli.md\/ro\/"},{"@type":"ListItem","position":2,"name":"Magazin","item":"https:\/\/mirelli.md\/ru\/magazin\/"},{"@type":"ListItem","position":3,"name":"Produs 3"}]},{"@type":"WebSite","@id":"http:\/\/mirelli.md\/ro\/#website","url":"http:\/\/mirelli.md\/ro\/","name":"Mirelly","description":"","publisher":{"@id":"http:\/\/mirelli.md\/ro\/#organization"},"potentialAction":[{"@type":"SearchAction","target":{"@type":"EntryPoint","urlTemplate":"http:\/\/mirelli.md\/ro\/?s={search_term_string}"},"query-input":{"@type":"PropertyValueSpecification","valueRequired":true,"valueName":"search_term_string"}}],"inLanguage":"ru-RU"},{"@type":"Organization","@id":"http:\/\/mirelli.md\/ro\/#organization","name":"Mirelly","url":"http:\/\/mirelli.md\/ro\/","logo":{"@type":"ImageObject","inLanguage":"ru-RU","@id":"http:\/\/mirelli.md\/ro\/#\/schema\/logo\/image\/","url":"https:\/\/mirelli.md\/wp-content\/uploads\/2024\/09\/20240924_141701-png.avif","contentUrl":"https:\/\/mirelli.md\/wp-content\/uploads\/2024\/09\/20240924_141701-png.avif","width":1600,"height":329,"caption":"Mirelly"},"image":{"@id":"http:\/\/mirelli.md\/ro\/#\/schema\/logo\/image\/"}}]}},"_links":{"self":[{"href":"http:\/\/mirelli.md\/ru\/wp-json\/wp\/v2\/product\/2175","targetHints":{"allow":["GET"]}}],"collection":[{"href":"http:\/\/mirelli.md\/ru\/wp-json\/wp\/v2\/product"}],"about":[{"href":"http:\/\/mirelli.md\/ru\/wp-json\/wp\/v2\/types\/product"}],"replies":[{"embeddable":true,"href":"http:\/\/mirelli.md\/ru\/wp-json\/wp\/v2\/comments?post=2175"}],"version-history":[{"count":1,"href":"http:\/\/mirelli.md\/ru\/wp-json\/wp\/v2\/product\/2175\/revisions"}],"predecessor-version":[{"id":2181,"href":"http:\/\/mirelli.md\/ru\/wp-json\/wp\/v2\/product\/2175\/revisions\/2181"}],"wp:featuredmedia":[{"embeddable":true,"href":"http:\/\/mirelli.md\/ru\/wp-json\/wp\/v2\/media\/2176"}],"wp:attachment":[{"href":"http:\/\/mirelli.md\/ru\/wp-json\/wp\/v2\/media?parent=2175"}],"wp:term":[{"taxonomy":"product_brand","embeddable":true,"href":"http:\/\/mirelli.md\/ru\/wp-json\/wp\/v2\/product_brand?post=2175"},{"taxonomy":"product_cat","embeddable":true,"href":"http:\/\/mirelli.md\/ru\/wp-json\/wp\/v2\/product_cat?post=2175"},{"taxonomy":"product_tag","embeddable":true,"href":"http:\/\/mirelli.md\/ru\/wp-json\/wp\/v2\/product_tag?post=2175"}],"curies":[{"name":"wp","href":"https:\/\/api.w.org\/{rel}","templated":true}]}}